{"id":35,"date":"2020-03-30T23:58:27","date_gmt":"2020-03-30T21:58:27","guid":{"rendered":"http:\/\/fannycaron-osteo.fr\/?page_id=35"},"modified":"2020-04-03T22:44:22","modified_gmt":"2020-04-03T20:44:22","slug":"osteopathie","status":"publish","type":"page","link":"https:\/\/www.fannycaron-osteo.fr\/index.php\/osteopathie\/","title":{"rendered":"Ost\u00e9opathie : les champs d&rsquo;application"},"content":{"rendered":"\n<p>L\u2019ost\u00e9opathie est une m\u00e9decine manuelle ancestrale qui traite avec efficacit\u00e9 de nombreuses souffrances du corps\u00a0: douleurs du dos, tensions musculaires, douleurs d\u2019arthrose, douleurs digestives, certaines maladies ORL sans oublier certains troubles de la femme enceinte et du nourrisson.<\/p>\n\n\n\n<div class=\"wp-block-image\"><figure class=\"aligncenter\"><img data-recalc-dims=\"1\" decoding=\"async\" width=\"175\" height=\"216\" src=\"https:\/\/i0.wp.com\/www.fannycaron-osteo.fr\/wp-content\/uploads\/2020\/03\/douleur1.jpg?resize=175%2C216\" alt=\"\" class=\"wp-image-105\" srcset=\"https:\/\/i0.wp.com\/www.fannycaron-osteo.fr\/wp-content\/uploads\/2020\/03\/douleur1.jpg?w=175&amp;ssl=1 175w, https:\/\/i0.wp.com\/www.fannycaron-osteo.fr\/wp-content\/uploads\/2020\/03\/douleur1.jpg?resize=49%2C60&amp;ssl=1 49w\" sizes=\"(max-width: 175px) 100vw, 175px\" \/><\/figure><\/div>\n\n\n\n<h3 class=\"wp-block-heading\">Le syst\u00e8me musculo-squelettique<\/h3>\n\n\n\n<p>\u2013 Lombalgies, \u00a0dorsalgies, cervicalgie (torticolis, \u00abcoup du lapin\u00bb)<\/p>\n\n\n\n<p>\u2013 Entorses, tendinites<\/p>\n\n\n\n<p>\u2013 Certaines perturbations de l\u2019articulation de la m\u00e2choire<\/p>\n\n\n\n<h3 class=\"wp-block-heading\">Le syst\u00e8me digestif et g\u00e9nito-urinaire<\/h3>\n\n\n\n<p>\u2013 Troubles digestifs&nbsp;: ballonnements, digestions difficiles, reflux gastro-\u0153sophagien, br\u00fblures d\u2019estomac, constipations, diarrh\u00e9es, colites\u2026<br>\u2013 Troubles g\u00e9nito-urinaires&nbsp;: r\u00e8gles irr\u00e9guli\u00e8res, douloureuses, cystites chroniques, incontinences urinaires\u2026<\/p>\n\n\n\n<h3 class=\"wp-block-heading\">Le syst\u00e8me nerveux et vasculaire\u00a0<\/h3>\n\n\n\n<p>\u2013 Les n\u00e9vralgies&nbsp;: sciatiques, cruralgies, cervico-brachiale, d\u2019Arnold et intercostales<br>\u2013 Migraines, c\u00e9phal\u00e9es et certaines formes de vertiges<br>\u2013 Troubles de l\u2019humeur&nbsp;: \u00e9tat d\u2019hyper nervosit\u00e9, anxi\u00e9t\u00e9, troubles du sommeil, stress, fatigue, irritabilit\u00e9, \u00e9tat d\u00e9pressif \u2026<br>\u2013 Troubles du retour veineux&nbsp;: engourdissements, fourmillements, jambes lourdes\u2026<\/p>\n\n\n\n<div class=\"wp-block-image\"><figure class=\"aligncenter\"><img data-recalc-dims=\"1\" decoding=\"async\" width=\"175\" height=\"122\" src=\"https:\/\/i0.wp.com\/www.fannycaron-osteo.fr\/wp-content\/uploads\/2020\/03\/douleur2.jpg?resize=175%2C122\" alt=\"\" class=\"wp-image-106\" srcset=\"https:\/\/i0.wp.com\/www.fannycaron-osteo.fr\/wp-content\/uploads\/2020\/03\/douleur2.jpg?w=175&amp;ssl=1 175w, https:\/\/i0.wp.com\/www.fannycaron-osteo.fr\/wp-content\/uploads\/2020\/03\/douleur2.jpg?resize=86%2C60&amp;ssl=1 86w\" sizes=\"(max-width: 175px) 100vw, 175px\" \/><\/figure><\/div>\n\n\n\n<h3 class=\"wp-block-heading\">Le syst\u00e8me ORL chronique<\/h3>\n\n\n\n<p>\u2013 Rhinites, sinusites, bronchites, acouph\u00e8nes, bourdonnements, otites\u2026<\/p>\n\n\n\n<h3 class=\"wp-block-heading\">Les s\u00e9quelles de traumatismes<\/h3>\n\n\n\n<p>\u2013 Accidents de la voie publique<br>\u2013 Chutes, chocs\u2026<br>\u2013 Fractures, entorses<br>\u2013 Travail chirurgical apr\u00e8s cicatrisation<\/p>\n\n\n\n<h3 class=\"wp-block-heading\">L\u2019aspect pr\u00e9ventif de l\u2019ost\u00e9opathie<\/h3>\n\n\n\n<p>L\u2019ost\u00e9opathe est souvent consult\u00e9 en crise, soit cons\u00e9cutivement \u00e0 un traumatisme, ou bien \u00e0 la suite d\u2019un faux mouvement sur un terrain d\u00e9j\u00e0 fragilis\u00e9. Pourtant, il vaut mieux pr\u00e9venir que gu\u00e9rir.<br>L\u2019ost\u00e9opathie \u00e9tant une m\u00e9decine pr\u00e9ventive, une \u00e0 deux fois par an, une v\u00e9rification de la structure et de l\u2019\u00e9tat de sant\u00e9 de votre corps peut aider \u00e0 limiter, voire \u00e0 \u00e9viter d\u2019\u00e9ventuelles douleurs.<\/p>\n\n\n\n<p><\/p>\n","protected":false},"excerpt":{"rendered":"<p>L\u2019ost\u00e9opathie est une m\u00e9decine manuelle ancestrale qui traite avec efficacit\u00e9 de nombreuses souffrances du corps\u00a0: douleurs du dos, tensions musculaires, douleurs d\u2019arthrose, douleurs digestives, certaines maladies ORL sans oublier certains &hellip; <\/p>\n","protected":false},"author":1,"featured_media":0,"parent":0,"menu_order":1,"comment_status":"closed","ping_status":"closed","template":"","meta":{"footnotes":""},"class_list":["post-35","page","type-page","status-publish","hentry"],"yoast_head":"<!-- This site is optimized with the Yoast SEO plugin v27.5 - https:\/\/yoast.com\/product\/yoast-seo-wordpress\/ -->\n<title>Champs d&#039;application : Fanny Caron | Ost\u00e9opathe D.O. Dunkerque<\/title>\n<meta name=\"description\" content=\"L&#039;Ost\u00e9opathie : les champs d&#039;application a des champs d&#039;application tr\u00e8s diversifi\u00e9s. N&#039;h\u00e9sitez pas \u00e0 consulter Fanny Caron | Ost\u00e9opathe D.O. Dunkerque .\" \/>\n<meta name=\"robots\" content=\"index, follow, max-snippet:-1, max-image-preview:large, max-video-preview:-1\" \/>\n<link rel=\"canonical\" href=\"https:\/\/www.fannycaron-osteo.fr\/index.php\/osteopathie\/\" \/>\n<meta property=\"og:locale\" content=\"fr_FR\" \/>\n<meta property=\"og:type\" content=\"article\" \/>\n<meta property=\"og:title\" content=\"Champs d&#039;application : Fanny Caron | Ost\u00e9opathe D.O. Dunkerque\" \/>\n<meta property=\"og:description\" content=\"L&#039;Ost\u00e9opathie : les champs d&#039;application a des champs d&#039;application tr\u00e8s diversifi\u00e9s. N&#039;h\u00e9sitez pas \u00e0 consulter Fanny Caron | Ost\u00e9opathe D.O. Dunkerque .\" \/>\n<meta property=\"og:url\" content=\"https:\/\/www.fannycaron-osteo.fr\/index.php\/osteopathie\/\" \/>\n<meta property=\"og:site_name\" content=\"Fanny Caron | Ost\u00e9opathe D.O. Dunkerque\" \/>\n<meta property=\"article:publisher\" content=\"https:\/\/www.facebook.com\/Fanny-Caron-Ost%c3%a9opathe-Dunkerque-101578284813703\" \/>\n<meta property=\"article:modified_time\" content=\"2020-04-03T20:44:22+00:00\" \/>\n<meta property=\"og:image\" content=\"http:\/\/www.fannycaron-osteo.fr\/wp-content\/uploads\/2020\/03\/douleur1.jpg\" \/>\n<meta name=\"twitter:card\" content=\"summary_large_image\" \/>\n<meta name=\"twitter:label1\" content=\"Dur\u00e9e de lecture estim\u00e9e\" \/>\n\t<meta name=\"twitter:data1\" content=\"1 minute\" \/>\n<script type=\"application\/ld+json\" class=\"yoast-schema-graph\">{\"@context\":\"https:\\\/\\\/schema.org\",\"@graph\":[{\"@type\":\"WebPage\",\"@id\":\"https:\\\/\\\/www.fannycaron-osteo.fr\\\/index.php\\\/osteopathie\\\/\",\"url\":\"https:\\\/\\\/www.fannycaron-osteo.fr\\\/index.php\\\/osteopathie\\\/\",\"name\":\"Champs d'application : Fanny Caron | Ost\u00e9opathe D.O. Dunkerque\",\"isPartOf\":{\"@id\":\"https:\\\/\\\/www.fannycaron-osteo.fr\\\/#website\"},\"primaryImageOfPage\":{\"@id\":\"https:\\\/\\\/www.fannycaron-osteo.fr\\\/index.php\\\/osteopathie\\\/#primaryimage\"},\"image\":{\"@id\":\"https:\\\/\\\/www.fannycaron-osteo.fr\\\/index.php\\\/osteopathie\\\/#primaryimage\"},\"thumbnailUrl\":\"http:\\\/\\\/www.fannycaron-osteo.fr\\\/wp-content\\\/uploads\\\/2020\\\/03\\\/douleur1.jpg\",\"datePublished\":\"2020-03-30T21:58:27+00:00\",\"dateModified\":\"2020-04-03T20:44:22+00:00\",\"description\":\"L'Ost\u00e9opathie : les champs d'application a des champs d'application tr\u00e8s diversifi\u00e9s. N'h\u00e9sitez pas \u00e0 consulter Fanny Caron | Ost\u00e9opathe D.O. Dunkerque .\",\"breadcrumb\":{\"@id\":\"https:\\\/\\\/www.fannycaron-osteo.fr\\\/index.php\\\/osteopathie\\\/#breadcrumb\"},\"inLanguage\":\"fr-FR\",\"potentialAction\":[{\"@type\":\"ReadAction\",\"target\":[\"https:\\\/\\\/www.fannycaron-osteo.fr\\\/index.php\\\/osteopathie\\\/\"]}]},{\"@type\":\"ImageObject\",\"inLanguage\":\"fr-FR\",\"@id\":\"https:\\\/\\\/www.fannycaron-osteo.fr\\\/index.php\\\/osteopathie\\\/#primaryimage\",\"url\":\"http:\\\/\\\/www.fannycaron-osteo.fr\\\/wp-content\\\/uploads\\\/2020\\\/03\\\/douleur1.jpg\",\"contentUrl\":\"http:\\\/\\\/www.fannycaron-osteo.fr\\\/wp-content\\\/uploads\\\/2020\\\/03\\\/douleur1.jpg\"},{\"@type\":\"BreadcrumbList\",\"@id\":\"https:\\\/\\\/www.fannycaron-osteo.fr\\\/index.php\\\/osteopathie\\\/#breadcrumb\",\"itemListElement\":[{\"@type\":\"ListItem\",\"position\":1,\"name\":\"Accueil\",\"item\":\"https:\\\/\\\/www.fannycaron-osteo.fr\\\/\"},{\"@type\":\"ListItem\",\"position\":2,\"name\":\"Ost\u00e9opathie : les champs d&rsquo;application\"}]},{\"@type\":\"WebSite\",\"@id\":\"https:\\\/\\\/www.fannycaron-osteo.fr\\\/#website\",\"url\":\"https:\\\/\\\/www.fannycaron-osteo.fr\\\/\",\"name\":\"Fanny Caron | Ost\u00e9opathe D.O. Dunkerque\",\"description\":\"\",\"publisher\":{\"@id\":\"https:\\\/\\\/www.fannycaron-osteo.fr\\\/#organization\"},\"potentialAction\":[{\"@type\":\"SearchAction\",\"target\":{\"@type\":\"EntryPoint\",\"urlTemplate\":\"https:\\\/\\\/www.fannycaron-osteo.fr\\\/?s={search_term_string}\"},\"query-input\":{\"@type\":\"PropertyValueSpecification\",\"valueRequired\":true,\"valueName\":\"search_term_string\"}}],\"inLanguage\":\"fr-FR\"},{\"@type\":\"Organization\",\"@id\":\"https:\\\/\\\/www.fannycaron-osteo.fr\\\/#organization\",\"name\":\"Fanny Caron | Ost\u00e9opathe D.O. Dunkerque\",\"url\":\"https:\\\/\\\/www.fannycaron-osteo.fr\\\/\",\"logo\":{\"@type\":\"ImageObject\",\"inLanguage\":\"fr-FR\",\"@id\":\"https:\\\/\\\/www.fannycaron-osteo.fr\\\/#\\\/schema\\\/logo\\\/image\\\/\",\"url\":\"https:\\\/\\\/i0.wp.com\\\/www.fannycaron-osteo.fr\\\/wp-content\\\/uploads\\\/2020\\\/03\\\/bandeau-2-2.png?fit=1000%2C168&ssl=1\",\"contentUrl\":\"https:\\\/\\\/i0.wp.com\\\/www.fannycaron-osteo.fr\\\/wp-content\\\/uploads\\\/2020\\\/03\\\/bandeau-2-2.png?fit=1000%2C168&ssl=1\",\"width\":1000,\"height\":168,\"caption\":\"Fanny Caron | Ost\u00e9opathe D.O. Dunkerque\"},\"image\":{\"@id\":\"https:\\\/\\\/www.fannycaron-osteo.fr\\\/#\\\/schema\\\/logo\\\/image\\\/\"},\"sameAs\":[\"https:\\\/\\\/www.facebook.com\\\/Fanny-Caron-Ost\u00e9opathe-Dunkerque-101578284813703\",\"https:\\\/\\\/g.page\\\/Fanny_Caron-Osteopathe_Dunkerque?gm\"]}]}<\/script>\n<!-- \/ Yoast SEO plugin. -->","yoast_head_json":{"title":"Champs d'application : Fanny Caron | Ost\u00e9opathe D.O. Dunkerque","description":"L'Ost\u00e9opathie : les champs d'application a des champs d'application tr\u00e8s diversifi\u00e9s. N'h\u00e9sitez pas \u00e0 consulter Fanny Caron | Ost\u00e9opathe D.O. Dunkerque .","robots":{"index":"index","follow":"follow","max-snippet":"max-snippet:-1","max-image-preview":"max-image-preview:large","max-video-preview":"max-video-preview:-1"},"canonical":"https:\/\/www.fannycaron-osteo.fr\/index.php\/osteopathie\/","og_locale":"fr_FR","og_type":"article","og_title":"Champs d'application : Fanny Caron | Ost\u00e9opathe D.O. Dunkerque","og_description":"L'Ost\u00e9opathie : les champs d'application a des champs d'application tr\u00e8s diversifi\u00e9s. N'h\u00e9sitez pas \u00e0 consulter Fanny Caron | Ost\u00e9opathe D.O. Dunkerque .","og_url":"https:\/\/www.fannycaron-osteo.fr\/index.php\/osteopathie\/","og_site_name":"Fanny Caron | Ost\u00e9opathe D.O. Dunkerque","article_publisher":"https:\/\/www.facebook.com\/Fanny-Caron-Ost%c3%a9opathe-Dunkerque-101578284813703","article_modified_time":"2020-04-03T20:44:22+00:00","og_image":[{"url":"http:\/\/www.fannycaron-osteo.fr\/wp-content\/uploads\/2020\/03\/douleur1.jpg","type":"","width":"","height":""}],"twitter_card":"summary_large_image","twitter_misc":{"Dur\u00e9e de lecture estim\u00e9e":"1 minute"},"schema":{"@context":"https:\/\/schema.org","@graph":[{"@type":"WebPage","@id":"https:\/\/www.fannycaron-osteo.fr\/index.php\/osteopathie\/","url":"https:\/\/www.fannycaron-osteo.fr\/index.php\/osteopathie\/","name":"Champs d'application : Fanny Caron | Ost\u00e9opathe D.O. Dunkerque","isPartOf":{"@id":"https:\/\/www.fannycaron-osteo.fr\/#website"},"primaryImageOfPage":{"@id":"https:\/\/www.fannycaron-osteo.fr\/index.php\/osteopathie\/#primaryimage"},"image":{"@id":"https:\/\/www.fannycaron-osteo.fr\/index.php\/osteopathie\/#primaryimage"},"thumbnailUrl":"http:\/\/www.fannycaron-osteo.fr\/wp-content\/uploads\/2020\/03\/douleur1.jpg","datePublished":"2020-03-30T21:58:27+00:00","dateModified":"2020-04-03T20:44:22+00:00","description":"L'Ost\u00e9opathie : les champs d'application a des champs d'application tr\u00e8s diversifi\u00e9s. N'h\u00e9sitez pas \u00e0 consulter Fanny Caron | Ost\u00e9opathe D.O. Dunkerque .","breadcrumb":{"@id":"https:\/\/www.fannycaron-osteo.fr\/index.php\/osteopathie\/#breadcrumb"},"inLanguage":"fr-FR","potentialAction":[{"@type":"ReadAction","target":["https:\/\/www.fannycaron-osteo.fr\/index.php\/osteopathie\/"]}]},{"@type":"ImageObject","inLanguage":"fr-FR","@id":"https:\/\/www.fannycaron-osteo.fr\/index.php\/osteopathie\/#primaryimage","url":"http:\/\/www.fannycaron-osteo.fr\/wp-content\/uploads\/2020\/03\/douleur1.jpg","contentUrl":"http:\/\/www.fannycaron-osteo.fr\/wp-content\/uploads\/2020\/03\/douleur1.jpg"},{"@type":"BreadcrumbList","@id":"https:\/\/www.fannycaron-osteo.fr\/index.php\/osteopathie\/#breadcrumb","itemListElement":[{"@type":"ListItem","position":1,"name":"Accueil","item":"https:\/\/www.fannycaron-osteo.fr\/"},{"@type":"ListItem","position":2,"name":"Ost\u00e9opathie : les champs d&rsquo;application"}]},{"@type":"WebSite","@id":"https:\/\/www.fannycaron-osteo.fr\/#website","url":"https:\/\/www.fannycaron-osteo.fr\/","name":"Fanny Caron | Ost\u00e9opathe D.O. Dunkerque","description":"","publisher":{"@id":"https:\/\/www.fannycaron-osteo.fr\/#organization"},"potentialAction":[{"@type":"SearchAction","target":{"@type":"EntryPoint","urlTemplate":"https:\/\/www.fannycaron-osteo.fr\/?s={search_term_string}"},"query-input":{"@type":"PropertyValueSpecification","valueRequired":true,"valueName":"search_term_string"}}],"inLanguage":"fr-FR"},{"@type":"Organization","@id":"https:\/\/www.fannycaron-osteo.fr\/#organization","name":"Fanny Caron | Ost\u00e9opathe D.O. Dunkerque","url":"https:\/\/www.fannycaron-osteo.fr\/","logo":{"@type":"ImageObject","inLanguage":"fr-FR","@id":"https:\/\/www.fannycaron-osteo.fr\/#\/schema\/logo\/image\/","url":"https:\/\/i0.wp.com\/www.fannycaron-osteo.fr\/wp-content\/uploads\/2020\/03\/bandeau-2-2.png?fit=1000%2C168&ssl=1","contentUrl":"https:\/\/i0.wp.com\/www.fannycaron-osteo.fr\/wp-content\/uploads\/2020\/03\/bandeau-2-2.png?fit=1000%2C168&ssl=1","width":1000,"height":168,"caption":"Fanny Caron | Ost\u00e9opathe D.O. Dunkerque"},"image":{"@id":"https:\/\/www.fannycaron-osteo.fr\/#\/schema\/logo\/image\/"},"sameAs":["https:\/\/www.facebook.com\/Fanny-Caron-Ost\u00e9opathe-Dunkerque-101578284813703","https:\/\/g.page\/Fanny_Caron-Osteopathe_Dunkerque?gm"]}]}},"jetpack_sharing_enabled":true,"_links":{"self":[{"href":"https:\/\/www.fannycaron-osteo.fr\/index.php\/wp-json\/wp\/v2\/pages\/35","targetHints":{"allow":["GET"]}}],"collection":[{"href":"https:\/\/www.fannycaron-osteo.fr\/index.php\/wp-json\/wp\/v2\/pages"}],"about":[{"href":"https:\/\/www.fannycaron-osteo.fr\/index.php\/wp-json\/wp\/v2\/types\/page"}],"author":[{"embeddable":true,"href":"https:\/\/www.fannycaron-osteo.fr\/index.php\/wp-json\/wp\/v2\/users\/1"}],"replies":[{"embeddable":true,"href":"https:\/\/www.fannycaron-osteo.fr\/index.php\/wp-json\/wp\/v2\/comments?post=35"}],"version-history":[{"count":2,"href":"https:\/\/www.fannycaron-osteo.fr\/index.php\/wp-json\/wp\/v2\/pages\/35\/revisions"}],"predecessor-version":[{"id":230,"href":"https:\/\/www.fannycaron-osteo.fr\/index.php\/wp-json\/wp\/v2\/pages\/35\/revisions\/230"}],"wp:attachment":[{"href":"https:\/\/www.fannycaron-osteo.fr\/index.php\/wp-json\/wp\/v2\/media?parent=35"}],"curies":[{"name":"wp","href":"https:\/\/api.w.org\/{rel}","templated":true}]}}