{"id":3,"date":"2020-03-30T21:43:15","date_gmt":"2020-03-30T19:43:15","guid":{"rendered":"http:\/\/fannycaron-osteo.fr\/?page_id=3"},"modified":"2020-03-31T15:14:29","modified_gmt":"2020-03-31T13:14:29","slug":"politique-de-confidentialite-fanny-caron-osteopathe-dunkerque","status":"publish","type":"page","link":"https:\/\/www.fannycaron-osteo.fr\/index.php\/politique-de-confidentialite-fanny-caron-osteopathe-dunkerque\/","title":{"rendered":"Mentions l\u00e9gales et politique de confidentialit\u00e9"},"content":{"rendered":"\n<h2 class=\"wp-block-heading\">Mentions l\u00e9gales<\/h2>\n\n\n\n<h3 class=\"wp-block-heading\">Editeur<\/h3>\n\n\n\n<p>Fanny CARON &#8211; Ost\u00e9opathe D.O.<br>Num\u00e9ro Siret : 749 907 499 00018<br>Si\u00e8ge social : Centre Colbert \u2013 1 rue Lavoisier 59 140 Dunkerque<br>N\u00b0 de t\u00e9l\u00e9phone : 06 75 99 79 82 <\/p>\n\n\n\n<h3 class=\"wp-block-heading\">H\u00e9bergement<\/h3>\n\n\n\n<p>OVH \u2013 SAS au capital de 10 000 000 \u20ac<br>Code APE 6202A<br>Si\u00e8ge social : 2 rue Kellermann \u2013 59100 Roubaix \u2013 France.<\/p>\n\n\n\n<p><a href=\"https:\/\/www.ovh.com\/fr\/\">https:\/\/www.ovh.com\/fr\/<\/a><\/p>\n\n\n\n<h3 class=\"wp-block-heading\">Qui sommes-nous&nbsp;?<\/h3>\n\n\n\n<p>L\u2019adresse de notre site Web est\u00a0: <a href=\"https:\/\/www.fannycaron-osteo.fr\">https:\/\/www.fannycaron-osteo.fr<\/a><\/p>\n\n\n\n<h2 class=\"wp-block-heading\">Utilisation des donn\u00e9es personnelles collect\u00e9es<\/h2>\n\n\n\n<h3 class=\"wp-block-heading\">Cookies<\/h3>\n\n\n\n<p>Lorsque vous vous connecterez, nous mettrons en place un certain nombre de cookies pour enregistrer vos informations de connexion et vos pr\u00e9f\u00e9rences d\u2019\u00e9cran. La dur\u00e9e de vie d\u2019un cookie de connexion est de deux jours, celle d\u2019un cookie d\u2019option d\u2019\u00e9cran est d\u2019un an.<\/p>\n\n\n\n<p>En modifiant ou en publiant une publication, un cookie suppl\u00e9mentaire sera enregistr\u00e9 dans votre navigateur. Ce cookie ne comprend aucune donn\u00e9e personnelle. Il indique simplement l\u2019ID de la publication que vous venez de modifier. Il expire au bout d\u2019un jour.<\/p>\n\n\n\n<h3 class=\"wp-block-heading\">Contenu embarqu\u00e9 depuis d\u2019autres sites<\/h3>\n\n\n\n<p>Les articles de ce site peuvent inclure des contenus int\u00e9gr\u00e9s (par exemple des vid\u00e9os, images, articles\u2026). Le contenu int\u00e9gr\u00e9 depuis d\u2019autres sites se comporte de la m\u00eame mani\u00e8re que si le visiteur se rendait sur cet autre site.<\/p>\n\n\n\n<p>Ces sites web pourraient collecter des donn\u00e9es sur vous, utiliser des cookies, embarquer des outils de suivis tiers, suivre vos interactions avec ces contenus embarqu\u00e9s si vous disposez d\u2019un compte connect\u00e9 sur leur site web.<\/p>\n\n\n\n<h3 class=\"wp-block-heading\">Statistiques et mesures d\u2019audience<\/h3>\n\n\n\n<h2 class=\"wp-block-heading\">Utilisation et transmission de vos donn\u00e9es personnelles<\/h2>\n\n\n\n<h2 class=\"wp-block-heading\">Dur\u00e9es de stockage de vos donn\u00e9es<\/h2>\n\n\n\n<p>Si vous laissez un commentaire, le commentaire et ses m\u00e9tadonn\u00e9es sont conserv\u00e9s ind\u00e9finiment. Cela permet de reconna\u00eetre et approuver automatiquement les commentaires suivants au lieu de les laisser dans la file de mod\u00e9ration.<\/p>\n\n\n\n<p>Pour les utilisateurs et utilisatrices qui s\u2019enregistrent sur notre site (si cela est possible), nous stockons \u00e9galement les donn\u00e9es personnelles indiqu\u00e9es dans leur profil. Tous les utilisateurs et utilisatrices peuvent voir, modifier ou supprimer leurs informations personnelles \u00e0 tout moment (\u00e0 l\u2019exception de leur nom d\u2019utilisateur\u00b7ice). Les gestionnaires du site peuvent aussi voir et modifier ces informations.<\/p>\n\n\n\n<h2 class=\"wp-block-heading\">Les droits que vous avez sur vos donn\u00e9es<\/h2>\n\n\n\n<p>Si vous avez un compte ou si vous avez laiss\u00e9 des commentaires sur le site, vous pouvez demander \u00e0 recevoir un fichier contenant toutes les donn\u00e9es personnelles que nous poss\u00e9dons \u00e0 votre sujet, incluant celles que vous nous avez fournies. Vous pouvez \u00e9galement demander la suppression des donn\u00e9es personnelles vous concernant. Cela ne prend pas en compte les donn\u00e9es stock\u00e9es \u00e0 des fins administratives, l\u00e9gales ou pour des raisons de s\u00e9curit\u00e9.<\/p>\n\n\n\n<h2 class=\"wp-block-heading\">Transmission de vos donn\u00e9es personnelles<\/h2>\n\n\n\n<p>Les commentaires des visiteurs peuvent \u00eatre v\u00e9rifi\u00e9s \u00e0 l\u2019aide d\u2019un service automatis\u00e9 de d\u00e9tection des commentaires ind\u00e9sirables.<\/p>\n","protected":false},"excerpt":{"rendered":"<p>Mentions l\u00e9gales Editeur Fanny CARON &#8211; Ost\u00e9opathe D.O.Num\u00e9ro Siret : 749 907 499 00018Si\u00e8ge social : Centre Colbert \u2013 1 rue Lavoisier 59 140 DunkerqueN\u00b0 de t\u00e9l\u00e9phone : 06 75 &hellip; <\/p>\n","protected":false},"author":1,"featured_media":0,"parent":0,"menu_order":0,"comment_status":"closed","ping_status":"open","template":"","meta":{"footnotes":""},"class_list":["post-3","page","type-page","status-publish","hentry"],"yoast_head":"<!-- This site is optimized with the Yoast SEO plugin v27.4 - https:\/\/yoast.com\/product\/yoast-seo-wordpress\/ -->\n<title>Mentions l\u00e9gales et politique de confidentialit\u00e9 : Fanny Caron | Ost\u00e9opathe D.O. Dunkerque<\/title>\n<meta name=\"description\" content=\"Vous trouverez sur cette page les Mentions l\u00e9gales et politique de confidentialit\u00e9 du site Fanny Caron | Ost\u00e9opathe D.O. Dunkerque\" \/>\n<meta name=\"robots\" content=\"index, follow, max-snippet:-1, max-image-preview:large, max-video-preview:-1\" \/>\n<link rel=\"canonical\" href=\"https:\/\/www.fannycaron-osteo.fr\/index.php\/politique-de-confidentialite-fanny-caron-osteopathe-dunkerque\/\" \/>\n<meta property=\"og:locale\" content=\"fr_FR\" \/>\n<meta property=\"og:type\" content=\"article\" \/>\n<meta property=\"og:title\" content=\"Mentions l\u00e9gales et politique de confidentialit\u00e9 : Fanny Caron | Ost\u00e9opathe D.O. Dunkerque\" \/>\n<meta property=\"og:description\" content=\"Vous trouverez sur cette page les Mentions l\u00e9gales et politique de confidentialit\u00e9 du site Fanny Caron | Ost\u00e9opathe D.O. Dunkerque\" \/>\n<meta property=\"og:url\" content=\"https:\/\/www.fannycaron-osteo.fr\/index.php\/politique-de-confidentialite-fanny-caron-osteopathe-dunkerque\/\" \/>\n<meta property=\"og:site_name\" content=\"Fanny Caron | Ost\u00e9opathe D.O. Dunkerque\" \/>\n<meta property=\"article:publisher\" content=\"https:\/\/www.facebook.com\/Fanny-Caron-Ost%c3%a9opathe-Dunkerque-101578284813703\" \/>\n<meta property=\"article:modified_time\" content=\"2020-03-31T13:14:29+00:00\" \/>\n<meta name=\"twitter:card\" content=\"summary_large_image\" \/>\n<meta name=\"twitter:label1\" content=\"Dur\u00e9e de lecture estim\u00e9e\" \/>\n\t<meta name=\"twitter:data1\" content=\"2 minutes\" \/>\n<script type=\"application\/ld+json\" class=\"yoast-schema-graph\">{\"@context\":\"https:\\\/\\\/schema.org\",\"@graph\":[{\"@type\":\"WebPage\",\"@id\":\"https:\\\/\\\/www.fannycaron-osteo.fr\\\/index.php\\\/politique-de-confidentialite-fanny-caron-osteopathe-dunkerque\\\/\",\"url\":\"https:\\\/\\\/www.fannycaron-osteo.fr\\\/index.php\\\/politique-de-confidentialite-fanny-caron-osteopathe-dunkerque\\\/\",\"name\":\"Mentions l\u00e9gales et politique de confidentialit\u00e9 : Fanny Caron | Ost\u00e9opathe D.O. Dunkerque\",\"isPartOf\":{\"@id\":\"https:\\\/\\\/www.fannycaron-osteo.fr\\\/#website\"},\"datePublished\":\"2020-03-30T19:43:15+00:00\",\"dateModified\":\"2020-03-31T13:14:29+00:00\",\"description\":\"Vous trouverez sur cette page les Mentions l\u00e9gales et politique de confidentialit\u00e9 du site Fanny Caron | Ost\u00e9opathe D.O. Dunkerque\",\"breadcrumb\":{\"@id\":\"https:\\\/\\\/www.fannycaron-osteo.fr\\\/index.php\\\/politique-de-confidentialite-fanny-caron-osteopathe-dunkerque\\\/#breadcrumb\"},\"inLanguage\":\"fr-FR\",\"potentialAction\":[{\"@type\":\"ReadAction\",\"target\":[\"https:\\\/\\\/www.fannycaron-osteo.fr\\\/index.php\\\/politique-de-confidentialite-fanny-caron-osteopathe-dunkerque\\\/\"]}]},{\"@type\":\"BreadcrumbList\",\"@id\":\"https:\\\/\\\/www.fannycaron-osteo.fr\\\/index.php\\\/politique-de-confidentialite-fanny-caron-osteopathe-dunkerque\\\/#breadcrumb\",\"itemListElement\":[{\"@type\":\"ListItem\",\"position\":1,\"name\":\"Accueil\",\"item\":\"https:\\\/\\\/www.fannycaron-osteo.fr\\\/\"},{\"@type\":\"ListItem\",\"position\":2,\"name\":\"Mentions l\u00e9gales et politique de confidentialit\u00e9\"}]},{\"@type\":\"WebSite\",\"@id\":\"https:\\\/\\\/www.fannycaron-osteo.fr\\\/#website\",\"url\":\"https:\\\/\\\/www.fannycaron-osteo.fr\\\/\",\"name\":\"Fanny Caron | Ost\u00e9opathe D.O. Dunkerque\",\"description\":\"\",\"publisher\":{\"@id\":\"https:\\\/\\\/www.fannycaron-osteo.fr\\\/#organization\"},\"potentialAction\":[{\"@type\":\"SearchAction\",\"target\":{\"@type\":\"EntryPoint\",\"urlTemplate\":\"https:\\\/\\\/www.fannycaron-osteo.fr\\\/?s={search_term_string}\"},\"query-input\":{\"@type\":\"PropertyValueSpecification\",\"valueRequired\":true,\"valueName\":\"search_term_string\"}}],\"inLanguage\":\"fr-FR\"},{\"@type\":\"Organization\",\"@id\":\"https:\\\/\\\/www.fannycaron-osteo.fr\\\/#organization\",\"name\":\"Fanny Caron | Ost\u00e9opathe D.O. Dunkerque\",\"url\":\"https:\\\/\\\/www.fannycaron-osteo.fr\\\/\",\"logo\":{\"@type\":\"ImageObject\",\"inLanguage\":\"fr-FR\",\"@id\":\"https:\\\/\\\/www.fannycaron-osteo.fr\\\/#\\\/schema\\\/logo\\\/image\\\/\",\"url\":\"https:\\\/\\\/i0.wp.com\\\/www.fannycaron-osteo.fr\\\/wp-content\\\/uploads\\\/2020\\\/03\\\/bandeau-2-2.png?fit=1000%2C168&ssl=1\",\"contentUrl\":\"https:\\\/\\\/i0.wp.com\\\/www.fannycaron-osteo.fr\\\/wp-content\\\/uploads\\\/2020\\\/03\\\/bandeau-2-2.png?fit=1000%2C168&ssl=1\",\"width\":1000,\"height\":168,\"caption\":\"Fanny Caron | Ost\u00e9opathe D.O. Dunkerque\"},\"image\":{\"@id\":\"https:\\\/\\\/www.fannycaron-osteo.fr\\\/#\\\/schema\\\/logo\\\/image\\\/\"},\"sameAs\":[\"https:\\\/\\\/www.facebook.com\\\/Fanny-Caron-Ost\u00e9opathe-Dunkerque-101578284813703\",\"https:\\\/\\\/g.page\\\/Fanny_Caron-Osteopathe_Dunkerque?gm\"]}]}<\/script>\n<!-- \/ Yoast SEO plugin. -->","yoast_head_json":{"title":"Mentions l\u00e9gales et politique de confidentialit\u00e9 : Fanny Caron | Ost\u00e9opathe D.O. Dunkerque","description":"Vous trouverez sur cette page les Mentions l\u00e9gales et politique de confidentialit\u00e9 du site Fanny Caron | Ost\u00e9opathe D.O. Dunkerque","robots":{"index":"index","follow":"follow","max-snippet":"max-snippet:-1","max-image-preview":"max-image-preview:large","max-video-preview":"max-video-preview:-1"},"canonical":"https:\/\/www.fannycaron-osteo.fr\/index.php\/politique-de-confidentialite-fanny-caron-osteopathe-dunkerque\/","og_locale":"fr_FR","og_type":"article","og_title":"Mentions l\u00e9gales et politique de confidentialit\u00e9 : Fanny Caron | Ost\u00e9opathe D.O. Dunkerque","og_description":"Vous trouverez sur cette page les Mentions l\u00e9gales et politique de confidentialit\u00e9 du site Fanny Caron | Ost\u00e9opathe D.O. Dunkerque","og_url":"https:\/\/www.fannycaron-osteo.fr\/index.php\/politique-de-confidentialite-fanny-caron-osteopathe-dunkerque\/","og_site_name":"Fanny Caron | Ost\u00e9opathe D.O. Dunkerque","article_publisher":"https:\/\/www.facebook.com\/Fanny-Caron-Ost%c3%a9opathe-Dunkerque-101578284813703","article_modified_time":"2020-03-31T13:14:29+00:00","twitter_card":"summary_large_image","twitter_misc":{"Dur\u00e9e de lecture estim\u00e9e":"2 minutes"},"schema":{"@context":"https:\/\/schema.org","@graph":[{"@type":"WebPage","@id":"https:\/\/www.fannycaron-osteo.fr\/index.php\/politique-de-confidentialite-fanny-caron-osteopathe-dunkerque\/","url":"https:\/\/www.fannycaron-osteo.fr\/index.php\/politique-de-confidentialite-fanny-caron-osteopathe-dunkerque\/","name":"Mentions l\u00e9gales et politique de confidentialit\u00e9 : Fanny Caron | Ost\u00e9opathe D.O. Dunkerque","isPartOf":{"@id":"https:\/\/www.fannycaron-osteo.fr\/#website"},"datePublished":"2020-03-30T19:43:15+00:00","dateModified":"2020-03-31T13:14:29+00:00","description":"Vous trouverez sur cette page les Mentions l\u00e9gales et politique de confidentialit\u00e9 du site Fanny Caron | Ost\u00e9opathe D.O. Dunkerque","breadcrumb":{"@id":"https:\/\/www.fannycaron-osteo.fr\/index.php\/politique-de-confidentialite-fanny-caron-osteopathe-dunkerque\/#breadcrumb"},"inLanguage":"fr-FR","potentialAction":[{"@type":"ReadAction","target":["https:\/\/www.fannycaron-osteo.fr\/index.php\/politique-de-confidentialite-fanny-caron-osteopathe-dunkerque\/"]}]},{"@type":"BreadcrumbList","@id":"https:\/\/www.fannycaron-osteo.fr\/index.php\/politique-de-confidentialite-fanny-caron-osteopathe-dunkerque\/#breadcrumb","itemListElement":[{"@type":"ListItem","position":1,"name":"Accueil","item":"https:\/\/www.fannycaron-osteo.fr\/"},{"@type":"ListItem","position":2,"name":"Mentions l\u00e9gales et politique de confidentialit\u00e9"}]},{"@type":"WebSite","@id":"https:\/\/www.fannycaron-osteo.fr\/#website","url":"https:\/\/www.fannycaron-osteo.fr\/","name":"Fanny Caron | Ost\u00e9opathe D.O. Dunkerque","description":"","publisher":{"@id":"https:\/\/www.fannycaron-osteo.fr\/#organization"},"potentialAction":[{"@type":"SearchAction","target":{"@type":"EntryPoint","urlTemplate":"https:\/\/www.fannycaron-osteo.fr\/?s={search_term_string}"},"query-input":{"@type":"PropertyValueSpecification","valueRequired":true,"valueName":"search_term_string"}}],"inLanguage":"fr-FR"},{"@type":"Organization","@id":"https:\/\/www.fannycaron-osteo.fr\/#organization","name":"Fanny Caron | Ost\u00e9opathe D.O. Dunkerque","url":"https:\/\/www.fannycaron-osteo.fr\/","logo":{"@type":"ImageObject","inLanguage":"fr-FR","@id":"https:\/\/www.fannycaron-osteo.fr\/#\/schema\/logo\/image\/","url":"https:\/\/i0.wp.com\/www.fannycaron-osteo.fr\/wp-content\/uploads\/2020\/03\/bandeau-2-2.png?fit=1000%2C168&ssl=1","contentUrl":"https:\/\/i0.wp.com\/www.fannycaron-osteo.fr\/wp-content\/uploads\/2020\/03\/bandeau-2-2.png?fit=1000%2C168&ssl=1","width":1000,"height":168,"caption":"Fanny Caron | Ost\u00e9opathe D.O. Dunkerque"},"image":{"@id":"https:\/\/www.fannycaron-osteo.fr\/#\/schema\/logo\/image\/"},"sameAs":["https:\/\/www.facebook.com\/Fanny-Caron-Ost\u00e9opathe-Dunkerque-101578284813703","https:\/\/g.page\/Fanny_Caron-Osteopathe_Dunkerque?gm"]}]}},"jetpack_sharing_enabled":true,"_links":{"self":[{"href":"https:\/\/www.fannycaron-osteo.fr\/index.php\/wp-json\/wp\/v2\/pages\/3","targetHints":{"allow":["GET"]}}],"collection":[{"href":"https:\/\/www.fannycaron-osteo.fr\/index.php\/wp-json\/wp\/v2\/pages"}],"about":[{"href":"https:\/\/www.fannycaron-osteo.fr\/index.php\/wp-json\/wp\/v2\/types\/page"}],"author":[{"embeddable":true,"href":"https:\/\/www.fannycaron-osteo.fr\/index.php\/wp-json\/wp\/v2\/users\/1"}],"replies":[{"embeddable":true,"href":"https:\/\/www.fannycaron-osteo.fr\/index.php\/wp-json\/wp\/v2\/comments?post=3"}],"version-history":[{"count":3,"href":"https:\/\/www.fannycaron-osteo.fr\/index.php\/wp-json\/wp\/v2\/pages\/3\/revisions"}],"predecessor-version":[{"id":200,"href":"https:\/\/www.fannycaron-osteo.fr\/index.php\/wp-json\/wp\/v2\/pages\/3\/revisions\/200"}],"wp:attachment":[{"href":"https:\/\/www.fannycaron-osteo.fr\/index.php\/wp-json\/wp\/v2\/media?parent=3"}],"curies":[{"name":"wp","href":"https:\/\/api.w.org\/{rel}","templated":true}]}}