{"id":152,"date":"2020-03-31T01:50:08","date_gmt":"2020-03-30T23:50:08","guid":{"rendered":"http:\/\/www.fannycaron-osteo.fr\/?page_id=152"},"modified":"2020-03-31T15:22:44","modified_gmt":"2020-03-31T13:22:44","slug":"liens-utiles","status":"publish","type":"page","link":"https:\/\/www.fannycaron-osteo.fr\/index.php\/liens-utiles\/","title":{"rendered":"Liens utiles"},"content":{"rendered":"\n<h2 class=\"wp-block-heading\">Ost\u00e9opathe Online<\/h2>\n\n\n\n<p>Un site pour d\u00e9couvrir l\u2019ost\u00e9opathie<\/p>\n\n\n\n<p>\u200b<a href=\"http:\/\/www.osteopatte.com\/\">Plus&#8230;<\/a><\/p>\n\n\n\n<h2 class=\"wp-block-heading\">Ost\u00e9opathes de France<\/h2>\n\n\n\n<p>Informations g\u00e9n\u00e9rales sur l\u2019ost\u00e9opathie<\/p>\n\n\n\n<p><a href=\"https:\/\/osteofrance.com\/\">Plus&#8230;<\/a><\/p>\n\n\n\n<h2 class=\"wp-block-heading\">Sant\u00e9 Nature Innovation<\/h2>\n\n\n\n<p>Un site pour d\u00e9couvrir quelques conseils Sant\u00e9<\/p>\n\n\n\n<p><a href=\"http:\/\/www.santenatureinnovation.com\/\">Plus&#8230;<\/a><\/p>\n\n\n\n<h2 class=\"wp-block-heading\">Nutergia<\/h2>\n\n\n\n<p>Site de conseil nutrition, conseils bien-\u00eatre&nbsp;et de nutrition cellulaire active<\/p>\n\n\n\n<p><a href=\"http:\/\/www.nutergia.com\/\">Plus&#8230;<\/a><\/p>\n\n\n\n<h2 class=\"wp-block-heading\">Ost\u00e9opathie P\u00e9diatrique<\/h2>\n\n\n\n<p>Site de l&rsquo;Ost\u00e9opathie P\u00e9diatrique<\/p>\n\n\n\n<p>\u200b<a href=\"http:\/\/www.osteo-bebe.com\/\" target=\"_blank\" rel=\"noreferrer noopener\">Plus&#8230;<\/a><\/p>\n\n\n\n<h2 class=\"wp-block-heading\">Approche Tissulaire &#8211; Pierre Tricot<\/h2>\n\n\n\n<p>Site sur l&rsquo;approche tissulaire en ost\u00e9opathie.<\/p>\n\n\n\n<p>\u200b<a href=\"http:\/\/www.approche-tissulaire.fr\/\" target=\"_blank\" rel=\"noreferrer noopener\">Plus&#8230;<\/a><\/p>\n","protected":false},"excerpt":{"rendered":"<p>Ost\u00e9opathe Online Un site pour d\u00e9couvrir l\u2019ost\u00e9opathie \u200bPlus&#8230; Ost\u00e9opathes de France Informations g\u00e9n\u00e9rales sur l\u2019ost\u00e9opathie Plus&#8230; Sant\u00e9 Nature Innovation Un site pour d\u00e9couvrir quelques conseils Sant\u00e9 Plus&#8230; Nutergia Site de &hellip; <\/p>\n","protected":false},"author":1,"featured_media":0,"parent":0,"menu_order":1,"comment_status":"closed","ping_status":"closed","template":"","meta":{"footnotes":""},"class_list":["post-152","page","type-page","status-publish","hentry"],"yoast_head":"<!-- This site is optimized with the Yoast SEO plugin v27.5 - https:\/\/yoast.com\/product\/yoast-seo-wordpress\/ -->\n<title>Liens utiles : Fanny Caron | Ost\u00e9opathe D.O. Dunkerque<\/title>\n<meta name=\"description\" content=\"Vous retrouverez sur cette page des Liens utiles pour vous renseigner sur l&#039;ost\u00e9opathie et pr\u00e9parer au mieux votre visite au cabinet de Fanny Caron.\" \/>\n<meta name=\"robots\" content=\"index, follow, max-snippet:-1, max-image-preview:large, max-video-preview:-1\" \/>\n<link rel=\"canonical\" href=\"https:\/\/www.fannycaron-osteo.fr\/index.php\/liens-utiles\/\" \/>\n<meta property=\"og:locale\" content=\"fr_FR\" \/>\n<meta property=\"og:type\" content=\"article\" \/>\n<meta property=\"og:title\" content=\"Liens utiles : Fanny Caron | Ost\u00e9opathe D.O. Dunkerque\" \/>\n<meta property=\"og:description\" content=\"Vous retrouverez sur cette page des Liens utiles pour vous renseigner sur l&#039;ost\u00e9opathie et pr\u00e9parer au mieux votre visite au cabinet de Fanny Caron.\" \/>\n<meta property=\"og:url\" content=\"https:\/\/www.fannycaron-osteo.fr\/index.php\/liens-utiles\/\" \/>\n<meta property=\"og:site_name\" content=\"Fanny Caron | Ost\u00e9opathe D.O. Dunkerque\" \/>\n<meta property=\"article:publisher\" content=\"https:\/\/www.facebook.com\/Fanny-Caron-Ost%c3%a9opathe-Dunkerque-101578284813703\" \/>\n<meta property=\"article:modified_time\" content=\"2020-03-31T13:22:44+00:00\" \/>\n<meta name=\"twitter:card\" content=\"summary_large_image\" \/>\n<script type=\"application\/ld+json\" class=\"yoast-schema-graph\">{\"@context\":\"https:\\\/\\\/schema.org\",\"@graph\":[{\"@type\":\"WebPage\",\"@id\":\"https:\\\/\\\/www.fannycaron-osteo.fr\\\/index.php\\\/liens-utiles\\\/\",\"url\":\"https:\\\/\\\/www.fannycaron-osteo.fr\\\/index.php\\\/liens-utiles\\\/\",\"name\":\"Liens utiles : Fanny Caron | Ost\u00e9opathe D.O. Dunkerque\",\"isPartOf\":{\"@id\":\"https:\\\/\\\/www.fannycaron-osteo.fr\\\/#website\"},\"datePublished\":\"2020-03-30T23:50:08+00:00\",\"dateModified\":\"2020-03-31T13:22:44+00:00\",\"description\":\"Vous retrouverez sur cette page des Liens utiles pour vous renseigner sur l'ost\u00e9opathie et pr\u00e9parer au mieux votre visite au cabinet de Fanny Caron.\",\"breadcrumb\":{\"@id\":\"https:\\\/\\\/www.fannycaron-osteo.fr\\\/index.php\\\/liens-utiles\\\/#breadcrumb\"},\"inLanguage\":\"fr-FR\",\"potentialAction\":[{\"@type\":\"ReadAction\",\"target\":[\"https:\\\/\\\/www.fannycaron-osteo.fr\\\/index.php\\\/liens-utiles\\\/\"]}]},{\"@type\":\"BreadcrumbList\",\"@id\":\"https:\\\/\\\/www.fannycaron-osteo.fr\\\/index.php\\\/liens-utiles\\\/#breadcrumb\",\"itemListElement\":[{\"@type\":\"ListItem\",\"position\":1,\"name\":\"Accueil\",\"item\":\"https:\\\/\\\/www.fannycaron-osteo.fr\\\/\"},{\"@type\":\"ListItem\",\"position\":2,\"name\":\"Liens utiles\"}]},{\"@type\":\"WebSite\",\"@id\":\"https:\\\/\\\/www.fannycaron-osteo.fr\\\/#website\",\"url\":\"https:\\\/\\\/www.fannycaron-osteo.fr\\\/\",\"name\":\"Fanny Caron | Ost\u00e9opathe D.O. Dunkerque\",\"description\":\"\",\"publisher\":{\"@id\":\"https:\\\/\\\/www.fannycaron-osteo.fr\\\/#organization\"},\"potentialAction\":[{\"@type\":\"SearchAction\",\"target\":{\"@type\":\"EntryPoint\",\"urlTemplate\":\"https:\\\/\\\/www.fannycaron-osteo.fr\\\/?s={search_term_string}\"},\"query-input\":{\"@type\":\"PropertyValueSpecification\",\"valueRequired\":true,\"valueName\":\"search_term_string\"}}],\"inLanguage\":\"fr-FR\"},{\"@type\":\"Organization\",\"@id\":\"https:\\\/\\\/www.fannycaron-osteo.fr\\\/#organization\",\"name\":\"Fanny Caron | Ost\u00e9opathe D.O. Dunkerque\",\"url\":\"https:\\\/\\\/www.fannycaron-osteo.fr\\\/\",\"logo\":{\"@type\":\"ImageObject\",\"inLanguage\":\"fr-FR\",\"@id\":\"https:\\\/\\\/www.fannycaron-osteo.fr\\\/#\\\/schema\\\/logo\\\/image\\\/\",\"url\":\"https:\\\/\\\/i0.wp.com\\\/www.fannycaron-osteo.fr\\\/wp-content\\\/uploads\\\/2020\\\/03\\\/bandeau-2-2.png?fit=1000%2C168&ssl=1\",\"contentUrl\":\"https:\\\/\\\/i0.wp.com\\\/www.fannycaron-osteo.fr\\\/wp-content\\\/uploads\\\/2020\\\/03\\\/bandeau-2-2.png?fit=1000%2C168&ssl=1\",\"width\":1000,\"height\":168,\"caption\":\"Fanny Caron | Ost\u00e9opathe D.O. Dunkerque\"},\"image\":{\"@id\":\"https:\\\/\\\/www.fannycaron-osteo.fr\\\/#\\\/schema\\\/logo\\\/image\\\/\"},\"sameAs\":[\"https:\\\/\\\/www.facebook.com\\\/Fanny-Caron-Ost\u00e9opathe-Dunkerque-101578284813703\",\"https:\\\/\\\/g.page\\\/Fanny_Caron-Osteopathe_Dunkerque?gm\"]}]}<\/script>\n<!-- \/ Yoast SEO plugin. -->","yoast_head_json":{"title":"Liens utiles : Fanny Caron | Ost\u00e9opathe D.O. Dunkerque","description":"Vous retrouverez sur cette page des Liens utiles pour vous renseigner sur l'ost\u00e9opathie et pr\u00e9parer au mieux votre visite au cabinet de Fanny Caron.","robots":{"index":"index","follow":"follow","max-snippet":"max-snippet:-1","max-image-preview":"max-image-preview:large","max-video-preview":"max-video-preview:-1"},"canonical":"https:\/\/www.fannycaron-osteo.fr\/index.php\/liens-utiles\/","og_locale":"fr_FR","og_type":"article","og_title":"Liens utiles : Fanny Caron | Ost\u00e9opathe D.O. Dunkerque","og_description":"Vous retrouverez sur cette page des Liens utiles pour vous renseigner sur l'ost\u00e9opathie et pr\u00e9parer au mieux votre visite au cabinet de Fanny Caron.","og_url":"https:\/\/www.fannycaron-osteo.fr\/index.php\/liens-utiles\/","og_site_name":"Fanny Caron | Ost\u00e9opathe D.O. Dunkerque","article_publisher":"https:\/\/www.facebook.com\/Fanny-Caron-Ost%c3%a9opathe-Dunkerque-101578284813703","article_modified_time":"2020-03-31T13:22:44+00:00","twitter_card":"summary_large_image","schema":{"@context":"https:\/\/schema.org","@graph":[{"@type":"WebPage","@id":"https:\/\/www.fannycaron-osteo.fr\/index.php\/liens-utiles\/","url":"https:\/\/www.fannycaron-osteo.fr\/index.php\/liens-utiles\/","name":"Liens utiles : Fanny Caron | Ost\u00e9opathe D.O. Dunkerque","isPartOf":{"@id":"https:\/\/www.fannycaron-osteo.fr\/#website"},"datePublished":"2020-03-30T23:50:08+00:00","dateModified":"2020-03-31T13:22:44+00:00","description":"Vous retrouverez sur cette page des Liens utiles pour vous renseigner sur l'ost\u00e9opathie et pr\u00e9parer au mieux votre visite au cabinet de Fanny Caron.","breadcrumb":{"@id":"https:\/\/www.fannycaron-osteo.fr\/index.php\/liens-utiles\/#breadcrumb"},"inLanguage":"fr-FR","potentialAction":[{"@type":"ReadAction","target":["https:\/\/www.fannycaron-osteo.fr\/index.php\/liens-utiles\/"]}]},{"@type":"BreadcrumbList","@id":"https:\/\/www.fannycaron-osteo.fr\/index.php\/liens-utiles\/#breadcrumb","itemListElement":[{"@type":"ListItem","position":1,"name":"Accueil","item":"https:\/\/www.fannycaron-osteo.fr\/"},{"@type":"ListItem","position":2,"name":"Liens utiles"}]},{"@type":"WebSite","@id":"https:\/\/www.fannycaron-osteo.fr\/#website","url":"https:\/\/www.fannycaron-osteo.fr\/","name":"Fanny Caron | Ost\u00e9opathe D.O. Dunkerque","description":"","publisher":{"@id":"https:\/\/www.fannycaron-osteo.fr\/#organization"},"potentialAction":[{"@type":"SearchAction","target":{"@type":"EntryPoint","urlTemplate":"https:\/\/www.fannycaron-osteo.fr\/?s={search_term_string}"},"query-input":{"@type":"PropertyValueSpecification","valueRequired":true,"valueName":"search_term_string"}}],"inLanguage":"fr-FR"},{"@type":"Organization","@id":"https:\/\/www.fannycaron-osteo.fr\/#organization","name":"Fanny Caron | Ost\u00e9opathe D.O. Dunkerque","url":"https:\/\/www.fannycaron-osteo.fr\/","logo":{"@type":"ImageObject","inLanguage":"fr-FR","@id":"https:\/\/www.fannycaron-osteo.fr\/#\/schema\/logo\/image\/","url":"https:\/\/i0.wp.com\/www.fannycaron-osteo.fr\/wp-content\/uploads\/2020\/03\/bandeau-2-2.png?fit=1000%2C168&ssl=1","contentUrl":"https:\/\/i0.wp.com\/www.fannycaron-osteo.fr\/wp-content\/uploads\/2020\/03\/bandeau-2-2.png?fit=1000%2C168&ssl=1","width":1000,"height":168,"caption":"Fanny Caron | Ost\u00e9opathe D.O. Dunkerque"},"image":{"@id":"https:\/\/www.fannycaron-osteo.fr\/#\/schema\/logo\/image\/"},"sameAs":["https:\/\/www.facebook.com\/Fanny-Caron-Ost\u00e9opathe-Dunkerque-101578284813703","https:\/\/g.page\/Fanny_Caron-Osteopathe_Dunkerque?gm"]}]}},"jetpack_sharing_enabled":true,"_links":{"self":[{"href":"https:\/\/www.fannycaron-osteo.fr\/index.php\/wp-json\/wp\/v2\/pages\/152","targetHints":{"allow":["GET"]}}],"collection":[{"href":"https:\/\/www.fannycaron-osteo.fr\/index.php\/wp-json\/wp\/v2\/pages"}],"about":[{"href":"https:\/\/www.fannycaron-osteo.fr\/index.php\/wp-json\/wp\/v2\/types\/page"}],"author":[{"embeddable":true,"href":"https:\/\/www.fannycaron-osteo.fr\/index.php\/wp-json\/wp\/v2\/users\/1"}],"replies":[{"embeddable":true,"href":"https:\/\/www.fannycaron-osteo.fr\/index.php\/wp-json\/wp\/v2\/comments?post=152"}],"version-history":[{"count":2,"href":"https:\/\/www.fannycaron-osteo.fr\/index.php\/wp-json\/wp\/v2\/pages\/152\/revisions"}],"predecessor-version":[{"id":157,"href":"https:\/\/www.fannycaron-osteo.fr\/index.php\/wp-json\/wp\/v2\/pages\/152\/revisions\/157"}],"wp:attachment":[{"href":"https:\/\/www.fannycaron-osteo.fr\/index.php\/wp-json\/wp\/v2\/media?parent=152"}],"curies":[{"name":"wp","href":"https:\/\/api.w.org\/{rel}","templated":true}]}}