{"id":139,"date":"2020-03-31T01:32:50","date_gmt":"2020-03-30T23:32:50","guid":{"rendered":"http:\/\/www.fannycaron-osteo.fr\/?page_id=139"},"modified":"2020-04-01T10:09:24","modified_gmt":"2020-04-01T08:09:24","slug":"la-seance","status":"publish","type":"page","link":"https:\/\/www.fannycaron-osteo.fr\/index.php\/la-seance\/","title":{"rendered":"La s\u00e9ance"},"content":{"rendered":"\n<p>Une s\u00e9ance chez l&rsquo;ost\u00e9opathe peut se faire en premi\u00e8re intention. C&rsquo;est-\u00e0-dire avant toute consultation m\u00e9dicale et sans avoir besoin d&rsquo;une ordonnance de votre m\u00e9decin.<\/p>\n\n\n\n<h2 class=\"wp-block-heading\">D\u00e9roulement de la s\u00e9ance<\/h2>\n\n\n\n<p>L\u2019ost\u00e9opathe commence par un entretien afin d\u2019appr\u00e9hender le mieux possible le motif de consultation du patient et de conna\u00eetre son \u00e9tat de sant\u00e9 actuel et pass\u00e9. A cet effet, il est utile de vous munir de vos examens m\u00e9dicaux.<\/p>\n\n\n\n<p><br>Il vous posera des questions sur vos ant\u00e9c\u00e9dents m\u00e9dicaux, chirurgicaux et traumatiques. Il va ensuite proc\u00e9der \u00e0 des tests palpatoires sp\u00e9cifiques, explorer le corps \u00e0 la recherche des zones qui pr\u00e9sentent des restrictions de mouvements susceptibles d\u2019alt\u00e9rer l\u2019\u00e9tat de sant\u00e9.<br><br>Enfin, l\u2019ost\u00e9opathe, pour traiter le patient, va choisir les techniques les plus appropri\u00e9es pour le motif de consultation en fonction de l\u2019\u00e2ge, de la morphologie du patient et de son \u00e9tat physique et psychique.<br><br>Il utilise des techniques :<br>\u200b<\/p>\n\n\n\n<ul class=\"wp-block-list\"><li>Fonctionnelles (mobilisation des tissus dans la dysfonction),<\/li><\/ul>\n\n\n\n<ul class=\"wp-block-list\"><li>Structurelles (l\u2019ost\u00e9opathe envoie une force \u00e0 l\u2019oppos\u00e9 de la dysfonction, ces manipulations peuvent s\u2019accompagner d\u2019un craquement),<\/li><\/ul>\n\n\n\n<ul class=\"wp-block-list\"><li>Visc\u00e9rales (redonnent de la mobilit\u00e9 aux organes),<\/li><\/ul>\n\n\n\n<ul class=\"wp-block-list\"><li>Cr\u00e2niennes (subtile et l\u00e9g\u00e8re qui relance la mobilit\u00e9 des os du cr\u00e2ne).<\/li><\/ul>\n\n\n\n<figure class=\"wp-block-gallery columns-3 is-cropped wp-block-gallery-1 is-layout-flex wp-block-gallery-is-layout-flex\"><ul class=\"blocks-gallery-grid\"><li class=\"blocks-gallery-item\"><figure><img data-recalc-dims=\"1\" decoding=\"async\" width=\"200\" height=\"134\" src=\"https:\/\/i0.wp.com\/www.fannycaron-osteo.fr\/wp-content\/uploads\/2020\/03\/osteopathie1-2-2.jpg?resize=200%2C134\" alt=\"\" data-id=\"140\" data-link=\"http:\/\/www.fannycaron-osteo.fr\/?attachment_id=140\" class=\"wp-image-140\" srcset=\"https:\/\/i0.wp.com\/www.fannycaron-osteo.fr\/wp-content\/uploads\/2020\/03\/osteopathie1-2-2.jpg?w=200&amp;ssl=1 200w, https:\/\/i0.wp.com\/www.fannycaron-osteo.fr\/wp-content\/uploads\/2020\/03\/osteopathie1-2-2.jpg?resize=90%2C60&amp;ssl=1 90w\" sizes=\"(max-width: 200px) 100vw, 200px\" \/><\/figure><\/li><li class=\"blocks-gallery-item\"><figure><img data-recalc-dims=\"1\" decoding=\"async\" width=\"200\" height=\"134\" src=\"https:\/\/i0.wp.com\/www.fannycaron-osteo.fr\/wp-content\/uploads\/2020\/03\/osteopathie2-2-2-2.jpg?resize=200%2C134\" alt=\"\" data-id=\"141\" data-link=\"http:\/\/www.fannycaron-osteo.fr\/?attachment_id=141\" class=\"wp-image-141\" srcset=\"https:\/\/i0.wp.com\/www.fannycaron-osteo.fr\/wp-content\/uploads\/2020\/03\/osteopathie2-2-2-2.jpg?w=200&amp;ssl=1 200w, https:\/\/i0.wp.com\/www.fannycaron-osteo.fr\/wp-content\/uploads\/2020\/03\/osteopathie2-2-2-2.jpg?resize=90%2C60&amp;ssl=1 90w\" sizes=\"(max-width: 200px) 100vw, 200px\" \/><\/figure><\/li><li class=\"blocks-gallery-item\"><figure><img data-recalc-dims=\"1\" decoding=\"async\" width=\"200\" height=\"134\" src=\"https:\/\/i0.wp.com\/www.fannycaron-osteo.fr\/wp-content\/uploads\/2020\/03\/osteopathie3-2-2-2.jpg?resize=200%2C134\" alt=\"\" data-id=\"142\" data-link=\"http:\/\/www.fannycaron-osteo.fr\/?attachment_id=142\" class=\"wp-image-142\" srcset=\"https:\/\/i0.wp.com\/www.fannycaron-osteo.fr\/wp-content\/uploads\/2020\/03\/osteopathie3-2-2-2.jpg?w=200&amp;ssl=1 200w, https:\/\/i0.wp.com\/www.fannycaron-osteo.fr\/wp-content\/uploads\/2020\/03\/osteopathie3-2-2-2.jpg?resize=90%2C60&amp;ssl=1 90w\" sizes=\"(max-width: 200px) 100vw, 200px\" \/><\/figure><\/li><\/ul><\/figure>\n\n\n\n<p>Enfin, pour que les bienfaits de la consultation perdurent dans le temps, nous :<\/p>\n\n\n\n<ul class=\"wp-block-list\"><li>abordons des questions d\u2019hygi\u00e8ne de vie<\/li><li>conseillons des exercices physiques d\u2019\u00e9tirements et posturaux.<\/li><\/ul>\n","protected":false},"excerpt":{"rendered":"<p>Une s\u00e9ance chez l&rsquo;ost\u00e9opathe peut se faire en premi\u00e8re intention. C&rsquo;est-\u00e0-dire avant toute consultation m\u00e9dicale et sans avoir besoin d&rsquo;une ordonnance de votre m\u00e9decin. D\u00e9roulement de la s\u00e9ance L\u2019ost\u00e9opathe commence &hellip; <\/p>\n","protected":false},"author":1,"featured_media":0,"parent":0,"menu_order":1,"comment_status":"closed","ping_status":"closed","template":"","meta":{"footnotes":""},"class_list":["post-139","page","type-page","status-publish","hentry"],"yoast_head":"<!-- This site is optimized with the Yoast SEO plugin v27.5 - https:\/\/yoast.com\/product\/yoast-seo-wordpress\/ -->\n<title>La s\u00e9ance : Fanny Caron | Ost\u00e9opathe D.O. Dunkerque<\/title>\n<meta name=\"description\" content=\"La page vous pr\u00e9sentera le d\u00e9roul\u00e9 de la s\u00e9ance d&#039;ost\u00e9opathie au cabinet de Fanny Caron | Ost\u00e9opathe D.O. Dunkerque et d&#039;autres informations utiles.\" \/>\n<meta name=\"robots\" content=\"index, follow, max-snippet:-1, max-image-preview:large, max-video-preview:-1\" \/>\n<link rel=\"canonical\" href=\"https:\/\/www.fannycaron-osteo.fr\/index.php\/la-seance\/\" \/>\n<meta property=\"og:locale\" content=\"fr_FR\" \/>\n<meta property=\"og:type\" content=\"article\" \/>\n<meta property=\"og:title\" content=\"La s\u00e9ance : Fanny Caron | Ost\u00e9opathe D.O. Dunkerque\" \/>\n<meta property=\"og:description\" content=\"La page vous pr\u00e9sentera le d\u00e9roul\u00e9 de la s\u00e9ance d&#039;ost\u00e9opathie au cabinet de Fanny Caron | Ost\u00e9opathe D.O. Dunkerque et d&#039;autres informations utiles.\" \/>\n<meta property=\"og:url\" content=\"https:\/\/www.fannycaron-osteo.fr\/index.php\/la-seance\/\" \/>\n<meta property=\"og:site_name\" content=\"Fanny Caron | Ost\u00e9opathe D.O. Dunkerque\" \/>\n<meta property=\"article:publisher\" content=\"https:\/\/www.facebook.com\/Fanny-Caron-Ost%c3%a9opathe-Dunkerque-101578284813703\" \/>\n<meta property=\"article:modified_time\" content=\"2020-04-01T08:09:24+00:00\" \/>\n<meta property=\"og:image\" content=\"http:\/\/www.fannycaron-osteo.fr\/wp-content\/uploads\/2020\/03\/osteopathie1-2-2.jpg\" \/>\n<meta name=\"twitter:card\" content=\"summary_large_image\" \/>\n<meta name=\"twitter:label1\" content=\"Dur\u00e9e de lecture estim\u00e9e\" \/>\n\t<meta name=\"twitter:data1\" content=\"1 minute\" \/>\n<script type=\"application\/ld+json\" class=\"yoast-schema-graph\">{\"@context\":\"https:\\\/\\\/schema.org\",\"@graph\":[{\"@type\":\"WebPage\",\"@id\":\"https:\\\/\\\/www.fannycaron-osteo.fr\\\/index.php\\\/la-seance\\\/\",\"url\":\"https:\\\/\\\/www.fannycaron-osteo.fr\\\/index.php\\\/la-seance\\\/\",\"name\":\"La s\u00e9ance : Fanny Caron | Ost\u00e9opathe D.O. Dunkerque\",\"isPartOf\":{\"@id\":\"https:\\\/\\\/www.fannycaron-osteo.fr\\\/#website\"},\"primaryImageOfPage\":{\"@id\":\"https:\\\/\\\/www.fannycaron-osteo.fr\\\/index.php\\\/la-seance\\\/#primaryimage\"},\"image\":{\"@id\":\"https:\\\/\\\/www.fannycaron-osteo.fr\\\/index.php\\\/la-seance\\\/#primaryimage\"},\"thumbnailUrl\":\"http:\\\/\\\/www.fannycaron-osteo.fr\\\/wp-content\\\/uploads\\\/2020\\\/03\\\/osteopathie1-2-2.jpg\",\"datePublished\":\"2020-03-30T23:32:50+00:00\",\"dateModified\":\"2020-04-01T08:09:24+00:00\",\"description\":\"La page vous pr\u00e9sentera le d\u00e9roul\u00e9 de la s\u00e9ance d'ost\u00e9opathie au cabinet de Fanny Caron | Ost\u00e9opathe D.O. Dunkerque et d'autres informations utiles.\",\"breadcrumb\":{\"@id\":\"https:\\\/\\\/www.fannycaron-osteo.fr\\\/index.php\\\/la-seance\\\/#breadcrumb\"},\"inLanguage\":\"fr-FR\",\"potentialAction\":[{\"@type\":\"ReadAction\",\"target\":[\"https:\\\/\\\/www.fannycaron-osteo.fr\\\/index.php\\\/la-seance\\\/\"]}]},{\"@type\":\"ImageObject\",\"inLanguage\":\"fr-FR\",\"@id\":\"https:\\\/\\\/www.fannycaron-osteo.fr\\\/index.php\\\/la-seance\\\/#primaryimage\",\"url\":\"http:\\\/\\\/www.fannycaron-osteo.fr\\\/wp-content\\\/uploads\\\/2020\\\/03\\\/osteopathie1-2-2.jpg\",\"contentUrl\":\"http:\\\/\\\/www.fannycaron-osteo.fr\\\/wp-content\\\/uploads\\\/2020\\\/03\\\/osteopathie1-2-2.jpg\"},{\"@type\":\"BreadcrumbList\",\"@id\":\"https:\\\/\\\/www.fannycaron-osteo.fr\\\/index.php\\\/la-seance\\\/#breadcrumb\",\"itemListElement\":[{\"@type\":\"ListItem\",\"position\":1,\"name\":\"Accueil\",\"item\":\"https:\\\/\\\/www.fannycaron-osteo.fr\\\/\"},{\"@type\":\"ListItem\",\"position\":2,\"name\":\"La s\u00e9ance\"}]},{\"@type\":\"WebSite\",\"@id\":\"https:\\\/\\\/www.fannycaron-osteo.fr\\\/#website\",\"url\":\"https:\\\/\\\/www.fannycaron-osteo.fr\\\/\",\"name\":\"Fanny Caron | Ost\u00e9opathe D.O. Dunkerque\",\"description\":\"\",\"publisher\":{\"@id\":\"https:\\\/\\\/www.fannycaron-osteo.fr\\\/#organization\"},\"potentialAction\":[{\"@type\":\"SearchAction\",\"target\":{\"@type\":\"EntryPoint\",\"urlTemplate\":\"https:\\\/\\\/www.fannycaron-osteo.fr\\\/?s={search_term_string}\"},\"query-input\":{\"@type\":\"PropertyValueSpecification\",\"valueRequired\":true,\"valueName\":\"search_term_string\"}}],\"inLanguage\":\"fr-FR\"},{\"@type\":\"Organization\",\"@id\":\"https:\\\/\\\/www.fannycaron-osteo.fr\\\/#organization\",\"name\":\"Fanny Caron | Ost\u00e9opathe D.O. Dunkerque\",\"url\":\"https:\\\/\\\/www.fannycaron-osteo.fr\\\/\",\"logo\":{\"@type\":\"ImageObject\",\"inLanguage\":\"fr-FR\",\"@id\":\"https:\\\/\\\/www.fannycaron-osteo.fr\\\/#\\\/schema\\\/logo\\\/image\\\/\",\"url\":\"https:\\\/\\\/i0.wp.com\\\/www.fannycaron-osteo.fr\\\/wp-content\\\/uploads\\\/2020\\\/03\\\/bandeau-2-2.png?fit=1000%2C168&ssl=1\",\"contentUrl\":\"https:\\\/\\\/i0.wp.com\\\/www.fannycaron-osteo.fr\\\/wp-content\\\/uploads\\\/2020\\\/03\\\/bandeau-2-2.png?fit=1000%2C168&ssl=1\",\"width\":1000,\"height\":168,\"caption\":\"Fanny Caron | Ost\u00e9opathe D.O. Dunkerque\"},\"image\":{\"@id\":\"https:\\\/\\\/www.fannycaron-osteo.fr\\\/#\\\/schema\\\/logo\\\/image\\\/\"},\"sameAs\":[\"https:\\\/\\\/www.facebook.com\\\/Fanny-Caron-Ost\u00e9opathe-Dunkerque-101578284813703\",\"https:\\\/\\\/g.page\\\/Fanny_Caron-Osteopathe_Dunkerque?gm\"]}]}<\/script>\n<!-- \/ Yoast SEO plugin. -->","yoast_head_json":{"title":"La s\u00e9ance : Fanny Caron | Ost\u00e9opathe D.O. Dunkerque","description":"La page vous pr\u00e9sentera le d\u00e9roul\u00e9 de la s\u00e9ance d'ost\u00e9opathie au cabinet de Fanny Caron | Ost\u00e9opathe D.O. Dunkerque et d'autres informations utiles.","robots":{"index":"index","follow":"follow","max-snippet":"max-snippet:-1","max-image-preview":"max-image-preview:large","max-video-preview":"max-video-preview:-1"},"canonical":"https:\/\/www.fannycaron-osteo.fr\/index.php\/la-seance\/","og_locale":"fr_FR","og_type":"article","og_title":"La s\u00e9ance : Fanny Caron | Ost\u00e9opathe D.O. Dunkerque","og_description":"La page vous pr\u00e9sentera le d\u00e9roul\u00e9 de la s\u00e9ance d'ost\u00e9opathie au cabinet de Fanny Caron | Ost\u00e9opathe D.O. Dunkerque et d'autres informations utiles.","og_url":"https:\/\/www.fannycaron-osteo.fr\/index.php\/la-seance\/","og_site_name":"Fanny Caron | Ost\u00e9opathe D.O. Dunkerque","article_publisher":"https:\/\/www.facebook.com\/Fanny-Caron-Ost%c3%a9opathe-Dunkerque-101578284813703","article_modified_time":"2020-04-01T08:09:24+00:00","og_image":[{"url":"http:\/\/www.fannycaron-osteo.fr\/wp-content\/uploads\/2020\/03\/osteopathie1-2-2.jpg","type":"","width":"","height":""}],"twitter_card":"summary_large_image","twitter_misc":{"Dur\u00e9e de lecture estim\u00e9e":"1 minute"},"schema":{"@context":"https:\/\/schema.org","@graph":[{"@type":"WebPage","@id":"https:\/\/www.fannycaron-osteo.fr\/index.php\/la-seance\/","url":"https:\/\/www.fannycaron-osteo.fr\/index.php\/la-seance\/","name":"La s\u00e9ance : Fanny Caron | Ost\u00e9opathe D.O. Dunkerque","isPartOf":{"@id":"https:\/\/www.fannycaron-osteo.fr\/#website"},"primaryImageOfPage":{"@id":"https:\/\/www.fannycaron-osteo.fr\/index.php\/la-seance\/#primaryimage"},"image":{"@id":"https:\/\/www.fannycaron-osteo.fr\/index.php\/la-seance\/#primaryimage"},"thumbnailUrl":"http:\/\/www.fannycaron-osteo.fr\/wp-content\/uploads\/2020\/03\/osteopathie1-2-2.jpg","datePublished":"2020-03-30T23:32:50+00:00","dateModified":"2020-04-01T08:09:24+00:00","description":"La page vous pr\u00e9sentera le d\u00e9roul\u00e9 de la s\u00e9ance d'ost\u00e9opathie au cabinet de Fanny Caron | Ost\u00e9opathe D.O. Dunkerque et d'autres informations utiles.","breadcrumb":{"@id":"https:\/\/www.fannycaron-osteo.fr\/index.php\/la-seance\/#breadcrumb"},"inLanguage":"fr-FR","potentialAction":[{"@type":"ReadAction","target":["https:\/\/www.fannycaron-osteo.fr\/index.php\/la-seance\/"]}]},{"@type":"ImageObject","inLanguage":"fr-FR","@id":"https:\/\/www.fannycaron-osteo.fr\/index.php\/la-seance\/#primaryimage","url":"http:\/\/www.fannycaron-osteo.fr\/wp-content\/uploads\/2020\/03\/osteopathie1-2-2.jpg","contentUrl":"http:\/\/www.fannycaron-osteo.fr\/wp-content\/uploads\/2020\/03\/osteopathie1-2-2.jpg"},{"@type":"BreadcrumbList","@id":"https:\/\/www.fannycaron-osteo.fr\/index.php\/la-seance\/#breadcrumb","itemListElement":[{"@type":"ListItem","position":1,"name":"Accueil","item":"https:\/\/www.fannycaron-osteo.fr\/"},{"@type":"ListItem","position":2,"name":"La s\u00e9ance"}]},{"@type":"WebSite","@id":"https:\/\/www.fannycaron-osteo.fr\/#website","url":"https:\/\/www.fannycaron-osteo.fr\/","name":"Fanny Caron | Ost\u00e9opathe D.O. Dunkerque","description":"","publisher":{"@id":"https:\/\/www.fannycaron-osteo.fr\/#organization"},"potentialAction":[{"@type":"SearchAction","target":{"@type":"EntryPoint","urlTemplate":"https:\/\/www.fannycaron-osteo.fr\/?s={search_term_string}"},"query-input":{"@type":"PropertyValueSpecification","valueRequired":true,"valueName":"search_term_string"}}],"inLanguage":"fr-FR"},{"@type":"Organization","@id":"https:\/\/www.fannycaron-osteo.fr\/#organization","name":"Fanny Caron | Ost\u00e9opathe D.O. Dunkerque","url":"https:\/\/www.fannycaron-osteo.fr\/","logo":{"@type":"ImageObject","inLanguage":"fr-FR","@id":"https:\/\/www.fannycaron-osteo.fr\/#\/schema\/logo\/image\/","url":"https:\/\/i0.wp.com\/www.fannycaron-osteo.fr\/wp-content\/uploads\/2020\/03\/bandeau-2-2.png?fit=1000%2C168&ssl=1","contentUrl":"https:\/\/i0.wp.com\/www.fannycaron-osteo.fr\/wp-content\/uploads\/2020\/03\/bandeau-2-2.png?fit=1000%2C168&ssl=1","width":1000,"height":168,"caption":"Fanny Caron | Ost\u00e9opathe D.O. Dunkerque"},"image":{"@id":"https:\/\/www.fannycaron-osteo.fr\/#\/schema\/logo\/image\/"},"sameAs":["https:\/\/www.facebook.com\/Fanny-Caron-Ost\u00e9opathe-Dunkerque-101578284813703","https:\/\/g.page\/Fanny_Caron-Osteopathe_Dunkerque?gm"]}]}},"jetpack_sharing_enabled":true,"_links":{"self":[{"href":"https:\/\/www.fannycaron-osteo.fr\/index.php\/wp-json\/wp\/v2\/pages\/139","targetHints":{"allow":["GET"]}}],"collection":[{"href":"https:\/\/www.fannycaron-osteo.fr\/index.php\/wp-json\/wp\/v2\/pages"}],"about":[{"href":"https:\/\/www.fannycaron-osteo.fr\/index.php\/wp-json\/wp\/v2\/types\/page"}],"author":[{"embeddable":true,"href":"https:\/\/www.fannycaron-osteo.fr\/index.php\/wp-json\/wp\/v2\/users\/1"}],"replies":[{"embeddable":true,"href":"https:\/\/www.fannycaron-osteo.fr\/index.php\/wp-json\/wp\/v2\/comments?post=139"}],"version-history":[{"count":6,"href":"https:\/\/www.fannycaron-osteo.fr\/index.php\/wp-json\/wp\/v2\/pages\/139\/revisions"}],"predecessor-version":[{"id":221,"href":"https:\/\/www.fannycaron-osteo.fr\/index.php\/wp-json\/wp\/v2\/pages\/139\/revisions\/221"}],"wp:attachment":[{"href":"https:\/\/www.fannycaron-osteo.fr\/index.php\/wp-json\/wp\/v2\/media?parent=139"}],"curies":[{"name":"wp","href":"https:\/\/api.w.org\/{rel}","templated":true}]}}