{"id":129,"date":"2020-03-31T01:27:57","date_gmt":"2020-03-30T23:27:57","guid":{"rendered":"http:\/\/www.fannycaron-osteo.fr\/?page_id=129"},"modified":"2020-03-31T01:27:58","modified_gmt":"2020-03-30T23:27:58","slug":"le-senior","status":"publish","type":"page","link":"https:\/\/www.fannycaron-osteo.fr\/index.php\/pourquoi-consulter\/le-senior\/","title":{"rendered":"Le s\u00e9nior"},"content":{"rendered":"\n<div class=\"wp-block-image\"><figure class=\"alignleft\"><img data-recalc-dims=\"1\" decoding=\"async\" width=\"200\" height=\"200\" src=\"https:\/\/i0.wp.com\/www.fannycaron-osteo.fr\/wp-content\/uploads\/2020\/03\/seniors.jpg?resize=200%2C200\" alt=\"\" class=\"wp-image-130\" srcset=\"https:\/\/i0.wp.com\/www.fannycaron-osteo.fr\/wp-content\/uploads\/2020\/03\/seniors.jpg?w=200&amp;ssl=1 200w, https:\/\/i0.wp.com\/www.fannycaron-osteo.fr\/wp-content\/uploads\/2020\/03\/seniors.jpg?resize=150%2C150&amp;ssl=1 150w, https:\/\/i0.wp.com\/www.fannycaron-osteo.fr\/wp-content\/uploads\/2020\/03\/seniors.jpg?resize=60%2C60&amp;ssl=1 60w\" sizes=\"(max-width: 200px) 100vw, 200px\" \/><\/figure><\/div>\n\n\n\n<p>Avec l\u2019\u00e2ge, les capacit\u00e9s d\u2019adaptation et d\u2019auto-gu\u00e9rison ont tendance \u00e0 d\u00e9cro\u00eetre.<br>Elles sont fonction de l\u2019histoire de vie, de l\u2019hygi\u00e8ne de vie et de l\u2019\u00e9tat de sant\u00e9.<br><br>Plus on avance dans l\u2019\u00e2ge, plus l\u2019histoire s\u2019enrichit d\u2019\u00e9v\u00e9nements (traumatiques, m\u00e9dicaux, chirurgicaux\u2026) susceptibles de modifier l\u2019\u00e9quilibre du corps. Au fil des ann\u00e9es, le corps se transforme, l\u2019enraidissement s\u2019installe et le risque de souffrir de pathologies d\u00e9g\u00e9n\u00e9ratives plus ou moins invalidantes augmente.<br><br>Le but de l\u2019ost\u00e9opathe est de travailler sur le maintien ou l\u2019am\u00e9lioration de la qualit\u00e9 de vie des sujets \u00e2g\u00e9s et de limiter l\u2019amplification des pathologies d\u00e9g\u00e9n\u00e9ratives par des techniques douces.<\/p>\n\n\n\n<h2 class=\"wp-block-heading\">Quand Consulter ?<\/h2>\n\n\n\n<ul class=\"wp-block-list\"><li>Douleurs de la colonne vert\u00e9brale,<\/li><\/ul>\n\n\n\n<ul class=\"wp-block-list\"><li>Douleurs articulaires (hanches, genoux\u2026),<\/li><li><\/li><\/ul>\n\n\n\n<ul class=\"wp-block-list\"><li>\u200bArthrose, ost\u00e9oporose, <\/li><\/ul>\n\n\n\n<ul class=\"wp-block-list\"><li>Maux de t\u00eate, vertiges,<\/li><\/ul>\n\n\n\n<ul class=\"wp-block-list\"><li>Perturbations du sommeil,<\/li><\/ul>\n\n\n\n<ul class=\"wp-block-list\"><li>Troubles digestifs,<\/li><li><\/li><\/ul>\n\n\n\n<ul class=\"wp-block-list\"><li>\u200bTroubles de la motricit\u00e9 et de la marche, <\/li><\/ul>\n\n\n\n<ul class=\"wp-block-list\"><li>Engourdissement des membres.<\/li><\/ul>\n","protected":false},"excerpt":{"rendered":"<p>Avec l\u2019\u00e2ge, les capacit\u00e9s d\u2019adaptation et d\u2019auto-gu\u00e9rison ont tendance \u00e0 d\u00e9cro\u00eetre.Elles sont fonction de l\u2019histoire de vie, de l\u2019hygi\u00e8ne de vie et de l\u2019\u00e9tat de sant\u00e9. Plus on avance dans &hellip; <\/p>\n","protected":false},"author":1,"featured_media":0,"parent":107,"menu_order":2,"comment_status":"closed","ping_status":"closed","template":"","meta":{"footnotes":""},"class_list":["post-129","page","type-page","status-publish","hentry"],"yoast_head":"<!-- This site is optimized with the Yoast SEO plugin v27.6 - https:\/\/yoast.com\/product\/yoast-seo-wordpress\/ -->\n<title>Le s\u00e9nior : Fanny Caron | Ost\u00e9opathe D.O. Dunkerque<\/title>\n<meta name=\"robots\" content=\"index, follow, max-snippet:-1, max-image-preview:large, max-video-preview:-1\" \/>\n<link rel=\"canonical\" href=\"https:\/\/www.fannycaron-osteo.fr\/index.php\/pourquoi-consulter\/le-senior\/\" \/>\n<meta property=\"og:locale\" content=\"fr_FR\" \/>\n<meta property=\"og:type\" content=\"article\" \/>\n<meta property=\"og:title\" content=\"Le s\u00e9nior : Fanny Caron | Ost\u00e9opathe D.O. Dunkerque\" \/>\n<meta property=\"og:description\" content=\"Avec l\u2019\u00e2ge, les capacit\u00e9s d\u2019adaptation et d\u2019auto-gu\u00e9rison ont tendance \u00e0 d\u00e9cro\u00eetre.Elles sont fonction de l\u2019histoire de vie, de l\u2019hygi\u00e8ne de vie et de l\u2019\u00e9tat de sant\u00e9. Plus on avance dans &hellip;\" \/>\n<meta property=\"og:url\" content=\"https:\/\/www.fannycaron-osteo.fr\/index.php\/pourquoi-consulter\/le-senior\/\" \/>\n<meta property=\"og:site_name\" content=\"Fanny Caron | Ost\u00e9opathe D.O. Dunkerque\" \/>\n<meta property=\"article:publisher\" content=\"https:\/\/www.facebook.com\/Fanny-Caron-Ost%c3%a9opathe-Dunkerque-101578284813703\" \/>\n<meta property=\"article:modified_time\" content=\"2020-03-30T23:27:58+00:00\" \/>\n<meta property=\"og:image\" content=\"http:\/\/www.fannycaron-osteo.fr\/wp-content\/uploads\/2020\/03\/seniors.jpg\" \/>\n<meta name=\"twitter:card\" content=\"summary_large_image\" \/>\n<meta name=\"twitter:label1\" content=\"Dur\u00e9e de lecture estim\u00e9e\" \/>\n\t<meta name=\"twitter:data1\" content=\"1 minute\" \/>\n<script type=\"application\/ld+json\" class=\"yoast-schema-graph\">{\"@context\":\"https:\\\/\\\/schema.org\",\"@graph\":[{\"@type\":\"WebPage\",\"@id\":\"https:\\\/\\\/www.fannycaron-osteo.fr\\\/index.php\\\/pourquoi-consulter\\\/le-senior\\\/\",\"url\":\"https:\\\/\\\/www.fannycaron-osteo.fr\\\/index.php\\\/pourquoi-consulter\\\/le-senior\\\/\",\"name\":\"Le s\u00e9nior : Fanny Caron | Ost\u00e9opathe D.O. Dunkerque\",\"isPartOf\":{\"@id\":\"https:\\\/\\\/www.fannycaron-osteo.fr\\\/#website\"},\"primaryImageOfPage\":{\"@id\":\"https:\\\/\\\/www.fannycaron-osteo.fr\\\/index.php\\\/pourquoi-consulter\\\/le-senior\\\/#primaryimage\"},\"image\":{\"@id\":\"https:\\\/\\\/www.fannycaron-osteo.fr\\\/index.php\\\/pourquoi-consulter\\\/le-senior\\\/#primaryimage\"},\"thumbnailUrl\":\"http:\\\/\\\/www.fannycaron-osteo.fr\\\/wp-content\\\/uploads\\\/2020\\\/03\\\/seniors.jpg\",\"datePublished\":\"2020-03-30T23:27:57+00:00\",\"dateModified\":\"2020-03-30T23:27:58+00:00\",\"breadcrumb\":{\"@id\":\"https:\\\/\\\/www.fannycaron-osteo.fr\\\/index.php\\\/pourquoi-consulter\\\/le-senior\\\/#breadcrumb\"},\"inLanguage\":\"fr-FR\",\"potentialAction\":[{\"@type\":\"ReadAction\",\"target\":[\"https:\\\/\\\/www.fannycaron-osteo.fr\\\/index.php\\\/pourquoi-consulter\\\/le-senior\\\/\"]}]},{\"@type\":\"ImageObject\",\"inLanguage\":\"fr-FR\",\"@id\":\"https:\\\/\\\/www.fannycaron-osteo.fr\\\/index.php\\\/pourquoi-consulter\\\/le-senior\\\/#primaryimage\",\"url\":\"http:\\\/\\\/www.fannycaron-osteo.fr\\\/wp-content\\\/uploads\\\/2020\\\/03\\\/seniors.jpg\",\"contentUrl\":\"http:\\\/\\\/www.fannycaron-osteo.fr\\\/wp-content\\\/uploads\\\/2020\\\/03\\\/seniors.jpg\"},{\"@type\":\"BreadcrumbList\",\"@id\":\"https:\\\/\\\/www.fannycaron-osteo.fr\\\/index.php\\\/pourquoi-consulter\\\/le-senior\\\/#breadcrumb\",\"itemListElement\":[{\"@type\":\"ListItem\",\"position\":1,\"name\":\"Accueil\",\"item\":\"https:\\\/\\\/www.fannycaron-osteo.fr\\\/\"},{\"@type\":\"ListItem\",\"position\":2,\"name\":\"Pourquoi Consulter ?\",\"item\":\"https:\\\/\\\/www.fannycaron-osteo.fr\\\/index.php\\\/pourquoi-consulter\\\/\"},{\"@type\":\"ListItem\",\"position\":3,\"name\":\"Le s\u00e9nior\"}]},{\"@type\":\"WebSite\",\"@id\":\"https:\\\/\\\/www.fannycaron-osteo.fr\\\/#website\",\"url\":\"https:\\\/\\\/www.fannycaron-osteo.fr\\\/\",\"name\":\"Fanny Caron | Ost\u00e9opathe D.O. Dunkerque\",\"description\":\"\",\"publisher\":{\"@id\":\"https:\\\/\\\/www.fannycaron-osteo.fr\\\/#organization\"},\"potentialAction\":[{\"@type\":\"SearchAction\",\"target\":{\"@type\":\"EntryPoint\",\"urlTemplate\":\"https:\\\/\\\/www.fannycaron-osteo.fr\\\/?s={search_term_string}\"},\"query-input\":{\"@type\":\"PropertyValueSpecification\",\"valueRequired\":true,\"valueName\":\"search_term_string\"}}],\"inLanguage\":\"fr-FR\"},{\"@type\":\"Organization\",\"@id\":\"https:\\\/\\\/www.fannycaron-osteo.fr\\\/#organization\",\"name\":\"Fanny Caron | Ost\u00e9opathe D.O. Dunkerque\",\"url\":\"https:\\\/\\\/www.fannycaron-osteo.fr\\\/\",\"logo\":{\"@type\":\"ImageObject\",\"inLanguage\":\"fr-FR\",\"@id\":\"https:\\\/\\\/www.fannycaron-osteo.fr\\\/#\\\/schema\\\/logo\\\/image\\\/\",\"url\":\"https:\\\/\\\/i0.wp.com\\\/www.fannycaron-osteo.fr\\\/wp-content\\\/uploads\\\/2020\\\/03\\\/bandeau-2-2.png?fit=1000%2C168&ssl=1\",\"contentUrl\":\"https:\\\/\\\/i0.wp.com\\\/www.fannycaron-osteo.fr\\\/wp-content\\\/uploads\\\/2020\\\/03\\\/bandeau-2-2.png?fit=1000%2C168&ssl=1\",\"width\":1000,\"height\":168,\"caption\":\"Fanny Caron | Ost\u00e9opathe D.O. Dunkerque\"},\"image\":{\"@id\":\"https:\\\/\\\/www.fannycaron-osteo.fr\\\/#\\\/schema\\\/logo\\\/image\\\/\"},\"sameAs\":[\"https:\\\/\\\/www.facebook.com\\\/Fanny-Caron-Ost\u00e9opathe-Dunkerque-101578284813703\",\"https:\\\/\\\/g.page\\\/Fanny_Caron-Osteopathe_Dunkerque?gm\"]}]}<\/script>\n<!-- \/ Yoast SEO plugin. -->","yoast_head_json":{"title":"Le s\u00e9nior : Fanny Caron | Ost\u00e9opathe D.O. Dunkerque","robots":{"index":"index","follow":"follow","max-snippet":"max-snippet:-1","max-image-preview":"max-image-preview:large","max-video-preview":"max-video-preview:-1"},"canonical":"https:\/\/www.fannycaron-osteo.fr\/index.php\/pourquoi-consulter\/le-senior\/","og_locale":"fr_FR","og_type":"article","og_title":"Le s\u00e9nior : Fanny Caron | Ost\u00e9opathe D.O. Dunkerque","og_description":"Avec l\u2019\u00e2ge, les capacit\u00e9s d\u2019adaptation et d\u2019auto-gu\u00e9rison ont tendance \u00e0 d\u00e9cro\u00eetre.Elles sont fonction de l\u2019histoire de vie, de l\u2019hygi\u00e8ne de vie et de l\u2019\u00e9tat de sant\u00e9. Plus on avance dans &hellip;","og_url":"https:\/\/www.fannycaron-osteo.fr\/index.php\/pourquoi-consulter\/le-senior\/","og_site_name":"Fanny Caron | Ost\u00e9opathe D.O. Dunkerque","article_publisher":"https:\/\/www.facebook.com\/Fanny-Caron-Ost%c3%a9opathe-Dunkerque-101578284813703","article_modified_time":"2020-03-30T23:27:58+00:00","og_image":[{"url":"http:\/\/www.fannycaron-osteo.fr\/wp-content\/uploads\/2020\/03\/seniors.jpg","type":"","width":"","height":""}],"twitter_card":"summary_large_image","twitter_misc":{"Dur\u00e9e de lecture estim\u00e9e":"1 minute"},"schema":{"@context":"https:\/\/schema.org","@graph":[{"@type":"WebPage","@id":"https:\/\/www.fannycaron-osteo.fr\/index.php\/pourquoi-consulter\/le-senior\/","url":"https:\/\/www.fannycaron-osteo.fr\/index.php\/pourquoi-consulter\/le-senior\/","name":"Le s\u00e9nior : Fanny Caron | Ost\u00e9opathe D.O. Dunkerque","isPartOf":{"@id":"https:\/\/www.fannycaron-osteo.fr\/#website"},"primaryImageOfPage":{"@id":"https:\/\/www.fannycaron-osteo.fr\/index.php\/pourquoi-consulter\/le-senior\/#primaryimage"},"image":{"@id":"https:\/\/www.fannycaron-osteo.fr\/index.php\/pourquoi-consulter\/le-senior\/#primaryimage"},"thumbnailUrl":"http:\/\/www.fannycaron-osteo.fr\/wp-content\/uploads\/2020\/03\/seniors.jpg","datePublished":"2020-03-30T23:27:57+00:00","dateModified":"2020-03-30T23:27:58+00:00","breadcrumb":{"@id":"https:\/\/www.fannycaron-osteo.fr\/index.php\/pourquoi-consulter\/le-senior\/#breadcrumb"},"inLanguage":"fr-FR","potentialAction":[{"@type":"ReadAction","target":["https:\/\/www.fannycaron-osteo.fr\/index.php\/pourquoi-consulter\/le-senior\/"]}]},{"@type":"ImageObject","inLanguage":"fr-FR","@id":"https:\/\/www.fannycaron-osteo.fr\/index.php\/pourquoi-consulter\/le-senior\/#primaryimage","url":"http:\/\/www.fannycaron-osteo.fr\/wp-content\/uploads\/2020\/03\/seniors.jpg","contentUrl":"http:\/\/www.fannycaron-osteo.fr\/wp-content\/uploads\/2020\/03\/seniors.jpg"},{"@type":"BreadcrumbList","@id":"https:\/\/www.fannycaron-osteo.fr\/index.php\/pourquoi-consulter\/le-senior\/#breadcrumb","itemListElement":[{"@type":"ListItem","position":1,"name":"Accueil","item":"https:\/\/www.fannycaron-osteo.fr\/"},{"@type":"ListItem","position":2,"name":"Pourquoi Consulter ?","item":"https:\/\/www.fannycaron-osteo.fr\/index.php\/pourquoi-consulter\/"},{"@type":"ListItem","position":3,"name":"Le s\u00e9nior"}]},{"@type":"WebSite","@id":"https:\/\/www.fannycaron-osteo.fr\/#website","url":"https:\/\/www.fannycaron-osteo.fr\/","name":"Fanny Caron | Ost\u00e9opathe D.O. Dunkerque","description":"","publisher":{"@id":"https:\/\/www.fannycaron-osteo.fr\/#organization"},"potentialAction":[{"@type":"SearchAction","target":{"@type":"EntryPoint","urlTemplate":"https:\/\/www.fannycaron-osteo.fr\/?s={search_term_string}"},"query-input":{"@type":"PropertyValueSpecification","valueRequired":true,"valueName":"search_term_string"}}],"inLanguage":"fr-FR"},{"@type":"Organization","@id":"https:\/\/www.fannycaron-osteo.fr\/#organization","name":"Fanny Caron | Ost\u00e9opathe D.O. Dunkerque","url":"https:\/\/www.fannycaron-osteo.fr\/","logo":{"@type":"ImageObject","inLanguage":"fr-FR","@id":"https:\/\/www.fannycaron-osteo.fr\/#\/schema\/logo\/image\/","url":"https:\/\/i0.wp.com\/www.fannycaron-osteo.fr\/wp-content\/uploads\/2020\/03\/bandeau-2-2.png?fit=1000%2C168&ssl=1","contentUrl":"https:\/\/i0.wp.com\/www.fannycaron-osteo.fr\/wp-content\/uploads\/2020\/03\/bandeau-2-2.png?fit=1000%2C168&ssl=1","width":1000,"height":168,"caption":"Fanny Caron | Ost\u00e9opathe D.O. Dunkerque"},"image":{"@id":"https:\/\/www.fannycaron-osteo.fr\/#\/schema\/logo\/image\/"},"sameAs":["https:\/\/www.facebook.com\/Fanny-Caron-Ost\u00e9opathe-Dunkerque-101578284813703","https:\/\/g.page\/Fanny_Caron-Osteopathe_Dunkerque?gm"]}]}},"jetpack_sharing_enabled":true,"_links":{"self":[{"href":"https:\/\/www.fannycaron-osteo.fr\/index.php\/wp-json\/wp\/v2\/pages\/129","targetHints":{"allow":["GET"]}}],"collection":[{"href":"https:\/\/www.fannycaron-osteo.fr\/index.php\/wp-json\/wp\/v2\/pages"}],"about":[{"href":"https:\/\/www.fannycaron-osteo.fr\/index.php\/wp-json\/wp\/v2\/types\/page"}],"author":[{"embeddable":true,"href":"https:\/\/www.fannycaron-osteo.fr\/index.php\/wp-json\/wp\/v2\/users\/1"}],"replies":[{"embeddable":true,"href":"https:\/\/www.fannycaron-osteo.fr\/index.php\/wp-json\/wp\/v2\/comments?post=129"}],"version-history":[{"count":1,"href":"https:\/\/www.fannycaron-osteo.fr\/index.php\/wp-json\/wp\/v2\/pages\/129\/revisions"}],"predecessor-version":[{"id":131,"href":"https:\/\/www.fannycaron-osteo.fr\/index.php\/wp-json\/wp\/v2\/pages\/129\/revisions\/131"}],"up":[{"embeddable":true,"href":"https:\/\/www.fannycaron-osteo.fr\/index.php\/wp-json\/wp\/v2\/pages\/107"}],"wp:attachment":[{"href":"https:\/\/www.fannycaron-osteo.fr\/index.php\/wp-json\/wp\/v2\/media?parent=129"}],"curies":[{"name":"wp","href":"https:\/\/api.w.org\/{rel}","templated":true}]}}