{"id":126,"date":"2020-03-31T01:24:12","date_gmt":"2020-03-30T23:24:12","guid":{"rendered":"http:\/\/www.fannycaron-osteo.fr\/?page_id=126"},"modified":"2020-03-31T01:24:12","modified_gmt":"2020-03-30T23:24:12","slug":"le-sportif","status":"publish","type":"page","link":"https:\/\/www.fannycaron-osteo.fr\/index.php\/pourquoi-consulter\/le-sportif\/","title":{"rendered":"Le sportif"},"content":{"rendered":"\n<div class=\"wp-block-image\"><figure class=\"alignleft\"><img data-recalc-dims=\"1\" decoding=\"async\" width=\"200\" height=\"129\" src=\"https:\/\/i0.wp.com\/www.fannycaron-osteo.fr\/wp-content\/uploads\/2020\/03\/sportif2.jpg?resize=200%2C129\" alt=\"\" class=\"wp-image-127\" srcset=\"https:\/\/i0.wp.com\/www.fannycaron-osteo.fr\/wp-content\/uploads\/2020\/03\/sportif2.jpg?w=200&amp;ssl=1 200w, https:\/\/i0.wp.com\/www.fannycaron-osteo.fr\/wp-content\/uploads\/2020\/03\/sportif2.jpg?resize=93%2C60&amp;ssl=1 93w\" sizes=\"(max-width: 200px) 100vw, 200px\" \/><\/figure><\/div>\n\n\n\n<p>Toute perte de mobilit\u00e9 des articulations, des muscles, des ligaments ou des visc\u00e8res peut provoquer un d\u00e9s\u00e9quilibre de l\u2019\u00e9tat de sant\u00e9.<br>Celui-ci se manifeste chez les sportifs par diff\u00e9rents sympt\u00f4mes, de la simple contracture \u00e0 la douleur chronique, alt\u00e9rant de toute fa\u00e7on les performances.<br>Par cons\u00e9quent, quelque soit son niveau de pratique, le sportif a besoin d\u2019un corps bien \u00e9quilibr\u00e9, qui fonctionne de fa\u00e7on optimale.<br>Un suivi r\u00e9gulier par un ost\u00e9opathe permet de maintenir cet \u00e9quilibre, en traitant les cons\u00e9quences des traumatismes physiques anciens ou r\u00e9cents.<\/p>\n\n\n\n<h2 class=\"wp-block-heading\">Quand Consulter ?<br><\/h2>\n\n\n\n<ul class=\"wp-block-list\"><li>Pour pr\u00e9parer une \u00e9preuve sportive et am\u00e9liorer ses performances,<\/li><\/ul>\n\n\n\n<ul class=\"wp-block-list\"><li>Suite \u00e0 un traumatisme (entorse, d\u00e9chirure, fracture, chute\u2026),<\/li><\/ul>\n\n\n\n<ul class=\"wp-block-list\"><li>En cas de douleurs musculaires, tendineuses, articulaires\u2026<\/li><\/ul>\n\n\n\n<ul class=\"wp-block-list\"><li>En cas d\u2019essoufflement \u00e0 l\u2019effort et de mauvaises r\u00e9cup\u00e9rations entre les s\u00e9ances.<\/li><\/ul>\n","protected":false},"excerpt":{"rendered":"<p>Toute perte de mobilit\u00e9 des articulations, des muscles, des ligaments ou des visc\u00e8res peut provoquer un d\u00e9s\u00e9quilibre de l\u2019\u00e9tat de sant\u00e9.Celui-ci se manifeste chez les sportifs par diff\u00e9rents sympt\u00f4mes, de &hellip; <\/p>\n","protected":false},"author":1,"featured_media":0,"parent":107,"menu_order":2,"comment_status":"closed","ping_status":"closed","template":"","meta":{"footnotes":""},"class_list":["post-126","page","type-page","status-publish","hentry"],"yoast_head":"<!-- This site is optimized with the Yoast SEO plugin v27.4 - https:\/\/yoast.com\/product\/yoast-seo-wordpress\/ -->\n<title>Le sportif : Fanny Caron | Ost\u00e9opathe D.O. Dunkerque<\/title>\n<meta name=\"robots\" content=\"index, follow, max-snippet:-1, max-image-preview:large, max-video-preview:-1\" \/>\n<link rel=\"canonical\" href=\"https:\/\/www.fannycaron-osteo.fr\/index.php\/pourquoi-consulter\/le-sportif\/\" \/>\n<meta property=\"og:locale\" content=\"fr_FR\" \/>\n<meta property=\"og:type\" content=\"article\" \/>\n<meta property=\"og:title\" content=\"Le sportif : Fanny Caron | Ost\u00e9opathe D.O. Dunkerque\" \/>\n<meta property=\"og:description\" content=\"Toute perte de mobilit\u00e9 des articulations, des muscles, des ligaments ou des visc\u00e8res peut provoquer un d\u00e9s\u00e9quilibre de l\u2019\u00e9tat de sant\u00e9.Celui-ci se manifeste chez les sportifs par diff\u00e9rents sympt\u00f4mes, de &hellip;\" \/>\n<meta property=\"og:url\" content=\"https:\/\/www.fannycaron-osteo.fr\/index.php\/pourquoi-consulter\/le-sportif\/\" \/>\n<meta property=\"og:site_name\" content=\"Fanny Caron | Ost\u00e9opathe D.O. Dunkerque\" \/>\n<meta property=\"article:publisher\" content=\"https:\/\/www.facebook.com\/Fanny-Caron-Ost%c3%a9opathe-Dunkerque-101578284813703\" \/>\n<meta property=\"og:image\" content=\"http:\/\/www.fannycaron-osteo.fr\/wp-content\/uploads\/2020\/03\/sportif2.jpg\" \/>\n<meta name=\"twitter:card\" content=\"summary_large_image\" \/>\n<meta name=\"twitter:label1\" content=\"Dur\u00e9e de lecture estim\u00e9e\" \/>\n\t<meta name=\"twitter:data1\" content=\"1 minute\" \/>\n<script type=\"application\/ld+json\" class=\"yoast-schema-graph\">{\"@context\":\"https:\\\/\\\/schema.org\",\"@graph\":[{\"@type\":\"WebPage\",\"@id\":\"https:\\\/\\\/www.fannycaron-osteo.fr\\\/index.php\\\/pourquoi-consulter\\\/le-sportif\\\/\",\"url\":\"https:\\\/\\\/www.fannycaron-osteo.fr\\\/index.php\\\/pourquoi-consulter\\\/le-sportif\\\/\",\"name\":\"Le sportif : Fanny Caron | Ost\u00e9opathe D.O. Dunkerque\",\"isPartOf\":{\"@id\":\"https:\\\/\\\/www.fannycaron-osteo.fr\\\/#website\"},\"primaryImageOfPage\":{\"@id\":\"https:\\\/\\\/www.fannycaron-osteo.fr\\\/index.php\\\/pourquoi-consulter\\\/le-sportif\\\/#primaryimage\"},\"image\":{\"@id\":\"https:\\\/\\\/www.fannycaron-osteo.fr\\\/index.php\\\/pourquoi-consulter\\\/le-sportif\\\/#primaryimage\"},\"thumbnailUrl\":\"http:\\\/\\\/www.fannycaron-osteo.fr\\\/wp-content\\\/uploads\\\/2020\\\/03\\\/sportif2.jpg\",\"datePublished\":\"2020-03-30T23:24:12+00:00\",\"breadcrumb\":{\"@id\":\"https:\\\/\\\/www.fannycaron-osteo.fr\\\/index.php\\\/pourquoi-consulter\\\/le-sportif\\\/#breadcrumb\"},\"inLanguage\":\"fr-FR\",\"potentialAction\":[{\"@type\":\"ReadAction\",\"target\":[\"https:\\\/\\\/www.fannycaron-osteo.fr\\\/index.php\\\/pourquoi-consulter\\\/le-sportif\\\/\"]}]},{\"@type\":\"ImageObject\",\"inLanguage\":\"fr-FR\",\"@id\":\"https:\\\/\\\/www.fannycaron-osteo.fr\\\/index.php\\\/pourquoi-consulter\\\/le-sportif\\\/#primaryimage\",\"url\":\"http:\\\/\\\/www.fannycaron-osteo.fr\\\/wp-content\\\/uploads\\\/2020\\\/03\\\/sportif2.jpg\",\"contentUrl\":\"http:\\\/\\\/www.fannycaron-osteo.fr\\\/wp-content\\\/uploads\\\/2020\\\/03\\\/sportif2.jpg\"},{\"@type\":\"BreadcrumbList\",\"@id\":\"https:\\\/\\\/www.fannycaron-osteo.fr\\\/index.php\\\/pourquoi-consulter\\\/le-sportif\\\/#breadcrumb\",\"itemListElement\":[{\"@type\":\"ListItem\",\"position\":1,\"name\":\"Accueil\",\"item\":\"https:\\\/\\\/www.fannycaron-osteo.fr\\\/\"},{\"@type\":\"ListItem\",\"position\":2,\"name\":\"Pourquoi Consulter ?\",\"item\":\"https:\\\/\\\/www.fannycaron-osteo.fr\\\/index.php\\\/pourquoi-consulter\\\/\"},{\"@type\":\"ListItem\",\"position\":3,\"name\":\"Le sportif\"}]},{\"@type\":\"WebSite\",\"@id\":\"https:\\\/\\\/www.fannycaron-osteo.fr\\\/#website\",\"url\":\"https:\\\/\\\/www.fannycaron-osteo.fr\\\/\",\"name\":\"Fanny Caron | Ost\u00e9opathe D.O. Dunkerque\",\"description\":\"\",\"publisher\":{\"@id\":\"https:\\\/\\\/www.fannycaron-osteo.fr\\\/#organization\"},\"potentialAction\":[{\"@type\":\"SearchAction\",\"target\":{\"@type\":\"EntryPoint\",\"urlTemplate\":\"https:\\\/\\\/www.fannycaron-osteo.fr\\\/?s={search_term_string}\"},\"query-input\":{\"@type\":\"PropertyValueSpecification\",\"valueRequired\":true,\"valueName\":\"search_term_string\"}}],\"inLanguage\":\"fr-FR\"},{\"@type\":\"Organization\",\"@id\":\"https:\\\/\\\/www.fannycaron-osteo.fr\\\/#organization\",\"name\":\"Fanny Caron | Ost\u00e9opathe D.O. Dunkerque\",\"url\":\"https:\\\/\\\/www.fannycaron-osteo.fr\\\/\",\"logo\":{\"@type\":\"ImageObject\",\"inLanguage\":\"fr-FR\",\"@id\":\"https:\\\/\\\/www.fannycaron-osteo.fr\\\/#\\\/schema\\\/logo\\\/image\\\/\",\"url\":\"https:\\\/\\\/i0.wp.com\\\/www.fannycaron-osteo.fr\\\/wp-content\\\/uploads\\\/2020\\\/03\\\/bandeau-2-2.png?fit=1000%2C168&ssl=1\",\"contentUrl\":\"https:\\\/\\\/i0.wp.com\\\/www.fannycaron-osteo.fr\\\/wp-content\\\/uploads\\\/2020\\\/03\\\/bandeau-2-2.png?fit=1000%2C168&ssl=1\",\"width\":1000,\"height\":168,\"caption\":\"Fanny Caron | Ost\u00e9opathe D.O. Dunkerque\"},\"image\":{\"@id\":\"https:\\\/\\\/www.fannycaron-osteo.fr\\\/#\\\/schema\\\/logo\\\/image\\\/\"},\"sameAs\":[\"https:\\\/\\\/www.facebook.com\\\/Fanny-Caron-Ost\u00e9opathe-Dunkerque-101578284813703\",\"https:\\\/\\\/g.page\\\/Fanny_Caron-Osteopathe_Dunkerque?gm\"]}]}<\/script>\n<!-- \/ Yoast SEO plugin. -->","yoast_head_json":{"title":"Le sportif : Fanny Caron | Ost\u00e9opathe D.O. Dunkerque","robots":{"index":"index","follow":"follow","max-snippet":"max-snippet:-1","max-image-preview":"max-image-preview:large","max-video-preview":"max-video-preview:-1"},"canonical":"https:\/\/www.fannycaron-osteo.fr\/index.php\/pourquoi-consulter\/le-sportif\/","og_locale":"fr_FR","og_type":"article","og_title":"Le sportif : Fanny Caron | Ost\u00e9opathe D.O. Dunkerque","og_description":"Toute perte de mobilit\u00e9 des articulations, des muscles, des ligaments ou des visc\u00e8res peut provoquer un d\u00e9s\u00e9quilibre de l\u2019\u00e9tat de sant\u00e9.Celui-ci se manifeste chez les sportifs par diff\u00e9rents sympt\u00f4mes, de &hellip;","og_url":"https:\/\/www.fannycaron-osteo.fr\/index.php\/pourquoi-consulter\/le-sportif\/","og_site_name":"Fanny Caron | Ost\u00e9opathe D.O. Dunkerque","article_publisher":"https:\/\/www.facebook.com\/Fanny-Caron-Ost%c3%a9opathe-Dunkerque-101578284813703","og_image":[{"url":"http:\/\/www.fannycaron-osteo.fr\/wp-content\/uploads\/2020\/03\/sportif2.jpg","type":"","width":"","height":""}],"twitter_card":"summary_large_image","twitter_misc":{"Dur\u00e9e de lecture estim\u00e9e":"1 minute"},"schema":{"@context":"https:\/\/schema.org","@graph":[{"@type":"WebPage","@id":"https:\/\/www.fannycaron-osteo.fr\/index.php\/pourquoi-consulter\/le-sportif\/","url":"https:\/\/www.fannycaron-osteo.fr\/index.php\/pourquoi-consulter\/le-sportif\/","name":"Le sportif : Fanny Caron | Ost\u00e9opathe D.O. Dunkerque","isPartOf":{"@id":"https:\/\/www.fannycaron-osteo.fr\/#website"},"primaryImageOfPage":{"@id":"https:\/\/www.fannycaron-osteo.fr\/index.php\/pourquoi-consulter\/le-sportif\/#primaryimage"},"image":{"@id":"https:\/\/www.fannycaron-osteo.fr\/index.php\/pourquoi-consulter\/le-sportif\/#primaryimage"},"thumbnailUrl":"http:\/\/www.fannycaron-osteo.fr\/wp-content\/uploads\/2020\/03\/sportif2.jpg","datePublished":"2020-03-30T23:24:12+00:00","breadcrumb":{"@id":"https:\/\/www.fannycaron-osteo.fr\/index.php\/pourquoi-consulter\/le-sportif\/#breadcrumb"},"inLanguage":"fr-FR","potentialAction":[{"@type":"ReadAction","target":["https:\/\/www.fannycaron-osteo.fr\/index.php\/pourquoi-consulter\/le-sportif\/"]}]},{"@type":"ImageObject","inLanguage":"fr-FR","@id":"https:\/\/www.fannycaron-osteo.fr\/index.php\/pourquoi-consulter\/le-sportif\/#primaryimage","url":"http:\/\/www.fannycaron-osteo.fr\/wp-content\/uploads\/2020\/03\/sportif2.jpg","contentUrl":"http:\/\/www.fannycaron-osteo.fr\/wp-content\/uploads\/2020\/03\/sportif2.jpg"},{"@type":"BreadcrumbList","@id":"https:\/\/www.fannycaron-osteo.fr\/index.php\/pourquoi-consulter\/le-sportif\/#breadcrumb","itemListElement":[{"@type":"ListItem","position":1,"name":"Accueil","item":"https:\/\/www.fannycaron-osteo.fr\/"},{"@type":"ListItem","position":2,"name":"Pourquoi Consulter ?","item":"https:\/\/www.fannycaron-osteo.fr\/index.php\/pourquoi-consulter\/"},{"@type":"ListItem","position":3,"name":"Le sportif"}]},{"@type":"WebSite","@id":"https:\/\/www.fannycaron-osteo.fr\/#website","url":"https:\/\/www.fannycaron-osteo.fr\/","name":"Fanny Caron | Ost\u00e9opathe D.O. Dunkerque","description":"","publisher":{"@id":"https:\/\/www.fannycaron-osteo.fr\/#organization"},"potentialAction":[{"@type":"SearchAction","target":{"@type":"EntryPoint","urlTemplate":"https:\/\/www.fannycaron-osteo.fr\/?s={search_term_string}"},"query-input":{"@type":"PropertyValueSpecification","valueRequired":true,"valueName":"search_term_string"}}],"inLanguage":"fr-FR"},{"@type":"Organization","@id":"https:\/\/www.fannycaron-osteo.fr\/#organization","name":"Fanny Caron | Ost\u00e9opathe D.O. Dunkerque","url":"https:\/\/www.fannycaron-osteo.fr\/","logo":{"@type":"ImageObject","inLanguage":"fr-FR","@id":"https:\/\/www.fannycaron-osteo.fr\/#\/schema\/logo\/image\/","url":"https:\/\/i0.wp.com\/www.fannycaron-osteo.fr\/wp-content\/uploads\/2020\/03\/bandeau-2-2.png?fit=1000%2C168&ssl=1","contentUrl":"https:\/\/i0.wp.com\/www.fannycaron-osteo.fr\/wp-content\/uploads\/2020\/03\/bandeau-2-2.png?fit=1000%2C168&ssl=1","width":1000,"height":168,"caption":"Fanny Caron | Ost\u00e9opathe D.O. Dunkerque"},"image":{"@id":"https:\/\/www.fannycaron-osteo.fr\/#\/schema\/logo\/image\/"},"sameAs":["https:\/\/www.facebook.com\/Fanny-Caron-Ost\u00e9opathe-Dunkerque-101578284813703","https:\/\/g.page\/Fanny_Caron-Osteopathe_Dunkerque?gm"]}]}},"jetpack_sharing_enabled":true,"_links":{"self":[{"href":"https:\/\/www.fannycaron-osteo.fr\/index.php\/wp-json\/wp\/v2\/pages\/126","targetHints":{"allow":["GET"]}}],"collection":[{"href":"https:\/\/www.fannycaron-osteo.fr\/index.php\/wp-json\/wp\/v2\/pages"}],"about":[{"href":"https:\/\/www.fannycaron-osteo.fr\/index.php\/wp-json\/wp\/v2\/types\/page"}],"author":[{"embeddable":true,"href":"https:\/\/www.fannycaron-osteo.fr\/index.php\/wp-json\/wp\/v2\/users\/1"}],"replies":[{"embeddable":true,"href":"https:\/\/www.fannycaron-osteo.fr\/index.php\/wp-json\/wp\/v2\/comments?post=126"}],"version-history":[{"count":1,"href":"https:\/\/www.fannycaron-osteo.fr\/index.php\/wp-json\/wp\/v2\/pages\/126\/revisions"}],"predecessor-version":[{"id":128,"href":"https:\/\/www.fannycaron-osteo.fr\/index.php\/wp-json\/wp\/v2\/pages\/126\/revisions\/128"}],"up":[{"embeddable":true,"href":"https:\/\/www.fannycaron-osteo.fr\/index.php\/wp-json\/wp\/v2\/pages\/107"}],"wp:attachment":[{"href":"https:\/\/www.fannycaron-osteo.fr\/index.php\/wp-json\/wp\/v2\/media?parent=126"}],"curies":[{"name":"wp","href":"https:\/\/api.w.org\/{rel}","templated":true}]}}