{"id":122,"date":"2020-03-31T01:22:42","date_gmt":"2020-03-30T23:22:42","guid":{"rendered":"http:\/\/www.fannycaron-osteo.fr\/?page_id=122"},"modified":"2020-03-31T19:01:54","modified_gmt":"2020-03-31T17:01:54","slug":"la-femme-enceinte","status":"publish","type":"page","link":"https:\/\/www.fannycaron-osteo.fr\/index.php\/pourquoi-consulter\/la-femme-enceinte\/","title":{"rendered":"La femme enceinte"},"content":{"rendered":"\n<div class=\"wp-block-image\"><figure class=\"alignleft\"><img data-recalc-dims=\"1\" decoding=\"async\" width=\"200\" height=\"165\" src=\"https:\/\/i0.wp.com\/www.fannycaron-osteo.fr\/wp-content\/uploads\/2020\/03\/femmeenceinte3.jpg?resize=200%2C165\" alt=\"\" class=\"wp-image-123\" srcset=\"https:\/\/i0.wp.com\/www.fannycaron-osteo.fr\/wp-content\/uploads\/2020\/03\/femmeenceinte3.jpg?w=200&amp;ssl=1 200w, https:\/\/i0.wp.com\/www.fannycaron-osteo.fr\/wp-content\/uploads\/2020\/03\/femmeenceinte3.jpg?resize=73%2C60&amp;ssl=1 73w\" sizes=\"(max-width: 200px) 100vw, 200px\" \/><\/figure><\/div>\n\n\n\n<p>Le corps de la femme enceinte doit continuellement s\u2019adapter \u00e0 la croissance du f\u0153tus qui consomme, bouge et grandit, tout en continuant d\u2019assurer les fonctions de vie pour elle-m\u00eame.<br><br>Cela entra\u00eene une formidable capacit\u00e9 d\u2019adaptation de l\u2019organisme. N\u00e9anmoins, lors de la grossesse, il est fr\u00e9quent qu\u2019apparaissent des troubles fonctionnels mineurs.<br><br>L\u2019ost\u00e9opathie favorise une meilleure adaptation du corps \u00e0 ces changements pour une grossesse harmonieuse.<\/p>\n\n\n\n<h2 class=\"wp-block-heading\">Quand Consulter ?<\/h2>\n\n\n\n<ul class=\"wp-block-list\"><li><strong>Avant la grossesse :<\/strong><\/li><\/ul>\n\n\n\n<p>Pour pr\u00e9parer le corps de la future maman \u00e0 l\u2019arriv\u00e9e du f\u0153tus et pour que l\u2019organisme s\u2019adapte mieux aux changements qu\u2019il va subir.<\/p>\n\n\n\n<p><\/p>\n\n\n\n<ul class=\"wp-block-list\"><li><strong>Pour la conception :<\/strong><\/li><\/ul>\n\n\n\n<p>En cas de difficult\u00e9s de conceptions fonctionnelles, c\u2019est-\u00e0-dire sans r\u00e9elle cause d\u2019infertilit\u00e9.<\/p>\n\n\n\n<p><\/p>\n\n\n\n<ul class=\"wp-block-list\"><li><strong>Pendant la grossesse :<\/strong><\/li><\/ul>\n\n\n\n<p>Douleurs lombaires, coccygiennes, sciatalgie, cruralgie, digestion difficile, reflux, ballonnements, naus\u00e9es, constipations, diarrh\u00e9es\u2026 Jambes lourdes, troubles circulatoires, sensation d\u2019oppression, g\u00eanes respiratoires.<\/p>\n\n\n\n<p><\/p>\n\n\n\n<ul class=\"wp-block-list\"><li><strong>Avant l\u2019accouchement :<\/strong><\/li><\/ul>\n\n\n\n<p>Quelques jours avant le terme, il est utile de faire une s\u00e9ance afin de donner une bonne mobilit\u00e9 au bassin et lib\u00e9rer les tensions susceptibles de limiter l\u2019efficacit\u00e9 du travail. Cela aura une action b\u00e9n\u00e9fique sur l\u2019accouchement.<\/p>\n\n\n\n<p><\/p>\n\n\n\n<ul class=\"wp-block-list\"><li><strong>Apr\u00e8s l\u2019accouchement :<\/strong><\/li><\/ul>\n\n\n\n<p>Si l\u2019accouchement a \u00e9t\u00e9 difficile, pour r\u00e9\u00e9quilibrer certaines structures perturb\u00e9es (p\u00e9rin\u00e9e, bassin, coccyx, diaphragme\u2026), en cas de douleurs lombaires, coccygienne et sciatique).<br><\/p>\n\n\n\n<figure class=\"wp-block-embed-youtube wp-block-embed is-type-video is-provider-youtube wp-embed-aspect-16-9 wp-has-aspect-ratio\"><div class=\"wp-block-embed__wrapper\">\n<div class=\"jetpack-video-wrapper\"><iframe title=\"Grossesse : soulager son dos gr\u00e2ce \u00e0 l&#039;ost\u00e9opathie - La Maison des Maternelles\" width=\"767\" height=\"431\" src=\"https:\/\/www.youtube.com\/embed\/pkQAAYa3BJc?feature=oembed\" frameborder=\"0\" allow=\"accelerometer; autoplay; encrypted-media; gyroscope; picture-in-picture\" allowfullscreen><\/iframe><\/div>\n<\/div><figcaption><a href=\"https:\/\/www.youtube.com\/watch?feature=youtu.be&amp;v=pkQAAYa3BJc&amp;app=desktop\">Grossesse : soulager son dos gr\u00e2ce \u00e0 l&rsquo;ost\u00e9opathie &#8211; La Maison des Maternelles<\/a><\/figcaption><\/figure>\n","protected":false},"excerpt":{"rendered":"<p>Le corps de la femme enceinte doit continuellement s\u2019adapter \u00e0 la croissance du f\u0153tus qui consomme, bouge et grandit, tout en continuant d\u2019assurer les fonctions de vie pour elle-m\u00eame. Cela &hellip; <\/p>\n","protected":false},"author":1,"featured_media":0,"parent":107,"menu_order":2,"comment_status":"closed","ping_status":"closed","template":"","meta":{"footnotes":""},"class_list":["post-122","page","type-page","status-publish","hentry"],"yoast_head":"<!-- This site is optimized with the Yoast SEO plugin v27.4 - https:\/\/yoast.com\/product\/yoast-seo-wordpress\/ -->\n<title>La femme enceinte : Fanny Caron | Ost\u00e9opathe D.O. Dunkerque<\/title>\n<meta name=\"description\" content=\"Sur cette page, Fanny Caron | Ost\u00e9opathe D.O. Dunkerque vous pr\u00e9sente les bienfaits de l&#039;ost\u00e9opathie pour La femme enceinte .\" \/>\n<meta name=\"robots\" content=\"index, follow, max-snippet:-1, max-image-preview:large, max-video-preview:-1\" \/>\n<link rel=\"canonical\" href=\"https:\/\/www.fannycaron-osteo.fr\/index.php\/pourquoi-consulter\/la-femme-enceinte\/\" \/>\n<meta property=\"og:locale\" content=\"fr_FR\" \/>\n<meta property=\"og:type\" content=\"article\" \/>\n<meta property=\"og:title\" content=\"La femme enceinte : Fanny Caron | Ost\u00e9opathe D.O. Dunkerque\" \/>\n<meta property=\"og:description\" content=\"Sur cette page, Fanny Caron | Ost\u00e9opathe D.O. Dunkerque vous pr\u00e9sente les bienfaits de l&#039;ost\u00e9opathie pour La femme enceinte .\" \/>\n<meta property=\"og:url\" content=\"https:\/\/www.fannycaron-osteo.fr\/index.php\/pourquoi-consulter\/la-femme-enceinte\/\" \/>\n<meta property=\"og:site_name\" content=\"Fanny Caron | Ost\u00e9opathe D.O. Dunkerque\" \/>\n<meta property=\"article:publisher\" content=\"https:\/\/www.facebook.com\/Fanny-Caron-Ost%c3%a9opathe-Dunkerque-101578284813703\" \/>\n<meta property=\"article:modified_time\" content=\"2020-03-31T17:01:54+00:00\" \/>\n<meta property=\"og:image\" content=\"http:\/\/www.fannycaron-osteo.fr\/wp-content\/uploads\/2020\/03\/femmeenceinte3.jpg\" \/>\n<meta name=\"twitter:card\" content=\"summary_large_image\" \/>\n<meta name=\"twitter:label1\" content=\"Dur\u00e9e de lecture estim\u00e9e\" \/>\n\t<meta name=\"twitter:data1\" content=\"1 minute\" \/>\n<script type=\"application\/ld+json\" class=\"yoast-schema-graph\">{\"@context\":\"https:\\\/\\\/schema.org\",\"@graph\":[{\"@type\":\"WebPage\",\"@id\":\"https:\\\/\\\/www.fannycaron-osteo.fr\\\/index.php\\\/pourquoi-consulter\\\/la-femme-enceinte\\\/\",\"url\":\"https:\\\/\\\/www.fannycaron-osteo.fr\\\/index.php\\\/pourquoi-consulter\\\/la-femme-enceinte\\\/\",\"name\":\"La femme enceinte : Fanny Caron | Ost\u00e9opathe D.O. Dunkerque\",\"isPartOf\":{\"@id\":\"https:\\\/\\\/www.fannycaron-osteo.fr\\\/#website\"},\"primaryImageOfPage\":{\"@id\":\"https:\\\/\\\/www.fannycaron-osteo.fr\\\/index.php\\\/pourquoi-consulter\\\/la-femme-enceinte\\\/#primaryimage\"},\"image\":{\"@id\":\"https:\\\/\\\/www.fannycaron-osteo.fr\\\/index.php\\\/pourquoi-consulter\\\/la-femme-enceinte\\\/#primaryimage\"},\"thumbnailUrl\":\"http:\\\/\\\/www.fannycaron-osteo.fr\\\/wp-content\\\/uploads\\\/2020\\\/03\\\/femmeenceinte3.jpg\",\"datePublished\":\"2020-03-30T23:22:42+00:00\",\"dateModified\":\"2020-03-31T17:01:54+00:00\",\"description\":\"Sur cette page, Fanny Caron | Ost\u00e9opathe D.O. Dunkerque vous pr\u00e9sente les bienfaits de l'ost\u00e9opathie pour La femme enceinte .\",\"breadcrumb\":{\"@id\":\"https:\\\/\\\/www.fannycaron-osteo.fr\\\/index.php\\\/pourquoi-consulter\\\/la-femme-enceinte\\\/#breadcrumb\"},\"inLanguage\":\"fr-FR\",\"potentialAction\":[{\"@type\":\"ReadAction\",\"target\":[\"https:\\\/\\\/www.fannycaron-osteo.fr\\\/index.php\\\/pourquoi-consulter\\\/la-femme-enceinte\\\/\"]}]},{\"@type\":\"ImageObject\",\"inLanguage\":\"fr-FR\",\"@id\":\"https:\\\/\\\/www.fannycaron-osteo.fr\\\/index.php\\\/pourquoi-consulter\\\/la-femme-enceinte\\\/#primaryimage\",\"url\":\"http:\\\/\\\/www.fannycaron-osteo.fr\\\/wp-content\\\/uploads\\\/2020\\\/03\\\/femmeenceinte3.jpg\",\"contentUrl\":\"http:\\\/\\\/www.fannycaron-osteo.fr\\\/wp-content\\\/uploads\\\/2020\\\/03\\\/femmeenceinte3.jpg\"},{\"@type\":\"BreadcrumbList\",\"@id\":\"https:\\\/\\\/www.fannycaron-osteo.fr\\\/index.php\\\/pourquoi-consulter\\\/la-femme-enceinte\\\/#breadcrumb\",\"itemListElement\":[{\"@type\":\"ListItem\",\"position\":1,\"name\":\"Accueil\",\"item\":\"https:\\\/\\\/www.fannycaron-osteo.fr\\\/\"},{\"@type\":\"ListItem\",\"position\":2,\"name\":\"Pourquoi Consulter ?\",\"item\":\"https:\\\/\\\/www.fannycaron-osteo.fr\\\/index.php\\\/pourquoi-consulter\\\/\"},{\"@type\":\"ListItem\",\"position\":3,\"name\":\"La femme enceinte\"}]},{\"@type\":\"WebSite\",\"@id\":\"https:\\\/\\\/www.fannycaron-osteo.fr\\\/#website\",\"url\":\"https:\\\/\\\/www.fannycaron-osteo.fr\\\/\",\"name\":\"Fanny Caron | Ost\u00e9opathe D.O. Dunkerque\",\"description\":\"\",\"publisher\":{\"@id\":\"https:\\\/\\\/www.fannycaron-osteo.fr\\\/#organization\"},\"potentialAction\":[{\"@type\":\"SearchAction\",\"target\":{\"@type\":\"EntryPoint\",\"urlTemplate\":\"https:\\\/\\\/www.fannycaron-osteo.fr\\\/?s={search_term_string}\"},\"query-input\":{\"@type\":\"PropertyValueSpecification\",\"valueRequired\":true,\"valueName\":\"search_term_string\"}}],\"inLanguage\":\"fr-FR\"},{\"@type\":\"Organization\",\"@id\":\"https:\\\/\\\/www.fannycaron-osteo.fr\\\/#organization\",\"name\":\"Fanny Caron | Ost\u00e9opathe D.O. Dunkerque\",\"url\":\"https:\\\/\\\/www.fannycaron-osteo.fr\\\/\",\"logo\":{\"@type\":\"ImageObject\",\"inLanguage\":\"fr-FR\",\"@id\":\"https:\\\/\\\/www.fannycaron-osteo.fr\\\/#\\\/schema\\\/logo\\\/image\\\/\",\"url\":\"https:\\\/\\\/i0.wp.com\\\/www.fannycaron-osteo.fr\\\/wp-content\\\/uploads\\\/2020\\\/03\\\/bandeau-2-2.png?fit=1000%2C168&ssl=1\",\"contentUrl\":\"https:\\\/\\\/i0.wp.com\\\/www.fannycaron-osteo.fr\\\/wp-content\\\/uploads\\\/2020\\\/03\\\/bandeau-2-2.png?fit=1000%2C168&ssl=1\",\"width\":1000,\"height\":168,\"caption\":\"Fanny Caron | Ost\u00e9opathe D.O. Dunkerque\"},\"image\":{\"@id\":\"https:\\\/\\\/www.fannycaron-osteo.fr\\\/#\\\/schema\\\/logo\\\/image\\\/\"},\"sameAs\":[\"https:\\\/\\\/www.facebook.com\\\/Fanny-Caron-Ost\u00e9opathe-Dunkerque-101578284813703\",\"https:\\\/\\\/g.page\\\/Fanny_Caron-Osteopathe_Dunkerque?gm\"]}]}<\/script>\n<!-- \/ Yoast SEO plugin. -->","yoast_head_json":{"title":"La femme enceinte : Fanny Caron | Ost\u00e9opathe D.O. Dunkerque","description":"Sur cette page, Fanny Caron | Ost\u00e9opathe D.O. Dunkerque vous pr\u00e9sente les bienfaits de l'ost\u00e9opathie pour La femme enceinte .","robots":{"index":"index","follow":"follow","max-snippet":"max-snippet:-1","max-image-preview":"max-image-preview:large","max-video-preview":"max-video-preview:-1"},"canonical":"https:\/\/www.fannycaron-osteo.fr\/index.php\/pourquoi-consulter\/la-femme-enceinte\/","og_locale":"fr_FR","og_type":"article","og_title":"La femme enceinte : Fanny Caron | Ost\u00e9opathe D.O. Dunkerque","og_description":"Sur cette page, Fanny Caron | Ost\u00e9opathe D.O. Dunkerque vous pr\u00e9sente les bienfaits de l'ost\u00e9opathie pour La femme enceinte .","og_url":"https:\/\/www.fannycaron-osteo.fr\/index.php\/pourquoi-consulter\/la-femme-enceinte\/","og_site_name":"Fanny Caron | Ost\u00e9opathe D.O. Dunkerque","article_publisher":"https:\/\/www.facebook.com\/Fanny-Caron-Ost%c3%a9opathe-Dunkerque-101578284813703","article_modified_time":"2020-03-31T17:01:54+00:00","og_image":[{"url":"http:\/\/www.fannycaron-osteo.fr\/wp-content\/uploads\/2020\/03\/femmeenceinte3.jpg","type":"","width":"","height":""}],"twitter_card":"summary_large_image","twitter_misc":{"Dur\u00e9e de lecture estim\u00e9e":"1 minute"},"schema":{"@context":"https:\/\/schema.org","@graph":[{"@type":"WebPage","@id":"https:\/\/www.fannycaron-osteo.fr\/index.php\/pourquoi-consulter\/la-femme-enceinte\/","url":"https:\/\/www.fannycaron-osteo.fr\/index.php\/pourquoi-consulter\/la-femme-enceinte\/","name":"La femme enceinte : Fanny Caron | Ost\u00e9opathe D.O. Dunkerque","isPartOf":{"@id":"https:\/\/www.fannycaron-osteo.fr\/#website"},"primaryImageOfPage":{"@id":"https:\/\/www.fannycaron-osteo.fr\/index.php\/pourquoi-consulter\/la-femme-enceinte\/#primaryimage"},"image":{"@id":"https:\/\/www.fannycaron-osteo.fr\/index.php\/pourquoi-consulter\/la-femme-enceinte\/#primaryimage"},"thumbnailUrl":"http:\/\/www.fannycaron-osteo.fr\/wp-content\/uploads\/2020\/03\/femmeenceinte3.jpg","datePublished":"2020-03-30T23:22:42+00:00","dateModified":"2020-03-31T17:01:54+00:00","description":"Sur cette page, Fanny Caron | Ost\u00e9opathe D.O. Dunkerque vous pr\u00e9sente les bienfaits de l'ost\u00e9opathie pour La femme enceinte .","breadcrumb":{"@id":"https:\/\/www.fannycaron-osteo.fr\/index.php\/pourquoi-consulter\/la-femme-enceinte\/#breadcrumb"},"inLanguage":"fr-FR","potentialAction":[{"@type":"ReadAction","target":["https:\/\/www.fannycaron-osteo.fr\/index.php\/pourquoi-consulter\/la-femme-enceinte\/"]}]},{"@type":"ImageObject","inLanguage":"fr-FR","@id":"https:\/\/www.fannycaron-osteo.fr\/index.php\/pourquoi-consulter\/la-femme-enceinte\/#primaryimage","url":"http:\/\/www.fannycaron-osteo.fr\/wp-content\/uploads\/2020\/03\/femmeenceinte3.jpg","contentUrl":"http:\/\/www.fannycaron-osteo.fr\/wp-content\/uploads\/2020\/03\/femmeenceinte3.jpg"},{"@type":"BreadcrumbList","@id":"https:\/\/www.fannycaron-osteo.fr\/index.php\/pourquoi-consulter\/la-femme-enceinte\/#breadcrumb","itemListElement":[{"@type":"ListItem","position":1,"name":"Accueil","item":"https:\/\/www.fannycaron-osteo.fr\/"},{"@type":"ListItem","position":2,"name":"Pourquoi Consulter ?","item":"https:\/\/www.fannycaron-osteo.fr\/index.php\/pourquoi-consulter\/"},{"@type":"ListItem","position":3,"name":"La femme enceinte"}]},{"@type":"WebSite","@id":"https:\/\/www.fannycaron-osteo.fr\/#website","url":"https:\/\/www.fannycaron-osteo.fr\/","name":"Fanny Caron | Ost\u00e9opathe D.O. Dunkerque","description":"","publisher":{"@id":"https:\/\/www.fannycaron-osteo.fr\/#organization"},"potentialAction":[{"@type":"SearchAction","target":{"@type":"EntryPoint","urlTemplate":"https:\/\/www.fannycaron-osteo.fr\/?s={search_term_string}"},"query-input":{"@type":"PropertyValueSpecification","valueRequired":true,"valueName":"search_term_string"}}],"inLanguage":"fr-FR"},{"@type":"Organization","@id":"https:\/\/www.fannycaron-osteo.fr\/#organization","name":"Fanny Caron | Ost\u00e9opathe D.O. Dunkerque","url":"https:\/\/www.fannycaron-osteo.fr\/","logo":{"@type":"ImageObject","inLanguage":"fr-FR","@id":"https:\/\/www.fannycaron-osteo.fr\/#\/schema\/logo\/image\/","url":"https:\/\/i0.wp.com\/www.fannycaron-osteo.fr\/wp-content\/uploads\/2020\/03\/bandeau-2-2.png?fit=1000%2C168&ssl=1","contentUrl":"https:\/\/i0.wp.com\/www.fannycaron-osteo.fr\/wp-content\/uploads\/2020\/03\/bandeau-2-2.png?fit=1000%2C168&ssl=1","width":1000,"height":168,"caption":"Fanny Caron | Ost\u00e9opathe D.O. Dunkerque"},"image":{"@id":"https:\/\/www.fannycaron-osteo.fr\/#\/schema\/logo\/image\/"},"sameAs":["https:\/\/www.facebook.com\/Fanny-Caron-Ost\u00e9opathe-Dunkerque-101578284813703","https:\/\/g.page\/Fanny_Caron-Osteopathe_Dunkerque?gm"]}]}},"jetpack_sharing_enabled":true,"_links":{"self":[{"href":"https:\/\/www.fannycaron-osteo.fr\/index.php\/wp-json\/wp\/v2\/pages\/122","targetHints":{"allow":["GET"]}}],"collection":[{"href":"https:\/\/www.fannycaron-osteo.fr\/index.php\/wp-json\/wp\/v2\/pages"}],"about":[{"href":"https:\/\/www.fannycaron-osteo.fr\/index.php\/wp-json\/wp\/v2\/types\/page"}],"author":[{"embeddable":true,"href":"https:\/\/www.fannycaron-osteo.fr\/index.php\/wp-json\/wp\/v2\/users\/1"}],"replies":[{"embeddable":true,"href":"https:\/\/www.fannycaron-osteo.fr\/index.php\/wp-json\/wp\/v2\/comments?post=122"}],"version-history":[{"count":2,"href":"https:\/\/www.fannycaron-osteo.fr\/index.php\/wp-json\/wp\/v2\/pages\/122\/revisions"}],"predecessor-version":[{"id":215,"href":"https:\/\/www.fannycaron-osteo.fr\/index.php\/wp-json\/wp\/v2\/pages\/122\/revisions\/215"}],"up":[{"embeddable":true,"href":"https:\/\/www.fannycaron-osteo.fr\/index.php\/wp-json\/wp\/v2\/pages\/107"}],"wp:attachment":[{"href":"https:\/\/www.fannycaron-osteo.fr\/index.php\/wp-json\/wp\/v2\/media?parent=122"}],"curies":[{"name":"wp","href":"https:\/\/api.w.org\/{rel}","templated":true}]}}