{"id":114,"date":"2020-03-31T01:19:16","date_gmt":"2020-03-30T23:19:16","guid":{"rendered":"http:\/\/www.fannycaron-osteo.fr\/?page_id=114"},"modified":"2020-03-31T19:14:34","modified_gmt":"2020-03-31T17:14:34","slug":"le-nourrisson","status":"publish","type":"page","link":"https:\/\/www.fannycaron-osteo.fr\/index.php\/pourquoi-consulter\/le-nourrisson\/","title":{"rendered":"Le nourrisson"},"content":{"rendered":"\n<div class=\"wp-block-image\"><figure class=\"alignleft is-resized\"><img data-recalc-dims=\"1\" decoding=\"async\" src=\"https:\/\/i0.wp.com\/www.fannycaron-osteo.fr\/wp-content\/uploads\/2020\/03\/bebe2.jpg?resize=223%2C208\" alt=\"\" class=\"wp-image-115\" width=\"223\" height=\"208\" srcset=\"https:\/\/i0.wp.com\/www.fannycaron-osteo.fr\/wp-content\/uploads\/2020\/03\/bebe2.jpg?w=220&amp;ssl=1 220w, https:\/\/i0.wp.com\/www.fannycaron-osteo.fr\/wp-content\/uploads\/2020\/03\/bebe2.jpg?resize=64%2C60&amp;ssl=1 64w\" sizes=\"(max-width: 223px) 100vw, 223px\" \/><\/figure><\/div>\n\n\n\n<p>L\u2019accouchement constitue le premier traumatisme pour le nourrisson ou le b\u00e9b\u00e9. Trop long ou trop court, il peut perturber le fonctionnement normal des structures cr\u00e2niennes et en perturber le d\u00e9veloppement.<br><br>Difficile, il n\u00e9cessite parfois l\u2019emploi de ventouses ou forceps qui peuvent influer sur la mobilit\u00e9 des jonctions des os du cr\u00e2ne et occasionner des troubles fonctionnels imm\u00e9diats ou ult\u00e9rieurs.<br><br>Il n\u2019est alors jamais trop t\u00f4t (d\u00e8s les premi\u00e8res semaines de vie) pour commencer un suivi ost\u00e9opathique. En effet, les compensations s\u2019installent avec le temps, donc plus la prise en charge est pr\u00e9coce, plus les chances de r\u00e9tablissements sont importantes.<\/p>\n\n\n\n<h2 class=\"wp-block-heading\">Quand Consulter ?<\/h2>\n\n\n\n<ul class=\"wp-block-list\"><li>Si le travail a \u00e9t\u00e9 trop long ou trop court,<\/li><\/ul>\n\n\n\n<ul class=\"wp-block-list\"><li>Si le b\u00e9b\u00e9 est n\u00e9 pr\u00e9matur\u00e9ment, par c\u00e9sarienne ou par le si\u00e8ge,<\/li><li>En cas de grossesse g\u00e9mellaire,<\/li><li>Si l\u2019expulsion a n\u00e9cessit\u00e9 une forte pression sur l\u2019abdomen maternel,<\/li><li>Si le cordon ombilical s\u2019est enroul\u00e9 autour du cou,<\/li><li>S&rsquo;il dort peu ou pleure en permanence,<\/li><li>S\u2019il est crisp\u00e9, se cambre en arri\u00e8re lorsqu\u2019on le prend dans les bras ou pendant la t\u00e9t\u00e9,<\/li><li>S\u2019il tourne toujours la t\u00eate du m\u00eame cot\u00e9,<\/li><\/ul>\n\n\n\n<ul class=\"wp-block-list\"><li>S&rsquo;il pr\u00e9sente un m\u00e9plat \u00e0 l&rsquo;arri\u00e8re de la t\u00eate,<\/li><\/ul>\n\n\n\n<ul class=\"wp-block-list\"><li>A des signes de nervosit\u00e9, d&rsquo;hyper tonicit\u00e9 ou d&rsquo;apathie,<\/li><li>En cas de coliques, r\u00e9gurgitations, difficult\u00e9s \u00e0 la succion, constipations,<\/li><li>En cas d\u2019affection ORL&nbsp;: otites \u00e0 r\u00e9p\u00e9tition, canal lacrymal bouch\u00e9\u2026<\/li><\/ul>\n\n\n\n<figure class=\"wp-block-embed is-type-video is-provider-vimeo\"><div class=\"wp-block-embed__wrapper\">\n<div class=\"jetpack-video-wrapper\"><iframe title=\"Ost&amp;eacute;opathie et Nourrisson\" src=\"https:\/\/player.vimeo.com\/video\/191126693?dnt=1&amp;app_id=122963\" width=\"767\" height=\"431\" frameborder=\"0\" allow=\"autoplay; fullscreen\" allowfullscreen><\/iframe><\/div>\n<\/div><figcaption><a href=\"https:\/\/osteofrance.com\/osteopathie\/nourrisson\/\"> L&rsquo;ost\u00e9opathie et le nourrisson &#8211; Ost\u00e9opathes de France<\/a><\/figcaption><\/figure>\n","protected":false},"excerpt":{"rendered":"<p>L\u2019accouchement constitue le premier traumatisme pour le nourrisson ou le b\u00e9b\u00e9. Trop long ou trop court, il peut perturber le fonctionnement normal des structures cr\u00e2niennes et en perturber le d\u00e9veloppement. &hellip; <\/p>\n","protected":false},"author":1,"featured_media":0,"parent":107,"menu_order":2,"comment_status":"closed","ping_status":"closed","template":"","meta":{"footnotes":""},"class_list":["post-114","page","type-page","status-publish","hentry"],"yoast_head":"<!-- This site is optimized with the Yoast SEO plugin v27.6 - https:\/\/yoast.com\/product\/yoast-seo-wordpress\/ -->\n<title>Le nourrisson : Fanny Caron | Ost\u00e9opathe D.O. Dunkerque<\/title>\n<meta name=\"description\" content=\"Sur cette page, il vous sera pr\u00e9sent\u00e9 les bienfaits de l&#039;ost\u00e9pathie chez Le nourrisson et le b\u00e9b\u00e9. Fanny Caron est dipl\u00f4m\u00e9e en ost\u00e9opathie p\u00e9diatrique.\" \/>\n<meta name=\"robots\" content=\"index, follow, max-snippet:-1, max-image-preview:large, max-video-preview:-1\" \/>\n<link rel=\"canonical\" href=\"https:\/\/www.fannycaron-osteo.fr\/index.php\/pourquoi-consulter\/le-nourrisson\/\" \/>\n<meta property=\"og:locale\" content=\"fr_FR\" \/>\n<meta property=\"og:type\" content=\"article\" \/>\n<meta property=\"og:title\" content=\"Le nourrisson : Fanny Caron | Ost\u00e9opathe D.O. Dunkerque\" \/>\n<meta property=\"og:description\" content=\"Sur cette page, il vous sera pr\u00e9sent\u00e9 les bienfaits de l&#039;ost\u00e9pathie chez Le nourrisson et le b\u00e9b\u00e9. Fanny Caron est dipl\u00f4m\u00e9e en ost\u00e9opathie p\u00e9diatrique.\" \/>\n<meta property=\"og:url\" content=\"https:\/\/www.fannycaron-osteo.fr\/index.php\/pourquoi-consulter\/le-nourrisson\/\" \/>\n<meta property=\"og:site_name\" content=\"Fanny Caron | Ost\u00e9opathe D.O. Dunkerque\" \/>\n<meta property=\"article:publisher\" content=\"https:\/\/www.facebook.com\/Fanny-Caron-Ost%c3%a9opathe-Dunkerque-101578284813703\" \/>\n<meta property=\"article:modified_time\" content=\"2020-03-31T17:14:34+00:00\" \/>\n<meta property=\"og:image\" content=\"http:\/\/www.fannycaron-osteo.fr\/wp-content\/uploads\/2020\/03\/bebe2.jpg\" \/>\n<meta name=\"twitter:card\" content=\"summary_large_image\" \/>\n<meta name=\"twitter:label1\" content=\"Dur\u00e9e de lecture estim\u00e9e\" \/>\n\t<meta name=\"twitter:data1\" content=\"1 minute\" \/>\n<script type=\"application\/ld+json\" class=\"yoast-schema-graph\">{\"@context\":\"https:\\\/\\\/schema.org\",\"@graph\":[{\"@type\":\"WebPage\",\"@id\":\"https:\\\/\\\/www.fannycaron-osteo.fr\\\/index.php\\\/pourquoi-consulter\\\/le-nourrisson\\\/\",\"url\":\"https:\\\/\\\/www.fannycaron-osteo.fr\\\/index.php\\\/pourquoi-consulter\\\/le-nourrisson\\\/\",\"name\":\"Le nourrisson : Fanny Caron | Ost\u00e9opathe D.O. Dunkerque\",\"isPartOf\":{\"@id\":\"https:\\\/\\\/www.fannycaron-osteo.fr\\\/#website\"},\"primaryImageOfPage\":{\"@id\":\"https:\\\/\\\/www.fannycaron-osteo.fr\\\/index.php\\\/pourquoi-consulter\\\/le-nourrisson\\\/#primaryimage\"},\"image\":{\"@id\":\"https:\\\/\\\/www.fannycaron-osteo.fr\\\/index.php\\\/pourquoi-consulter\\\/le-nourrisson\\\/#primaryimage\"},\"thumbnailUrl\":\"http:\\\/\\\/www.fannycaron-osteo.fr\\\/wp-content\\\/uploads\\\/2020\\\/03\\\/bebe2.jpg\",\"datePublished\":\"2020-03-30T23:19:16+00:00\",\"dateModified\":\"2020-03-31T17:14:34+00:00\",\"description\":\"Sur cette page, il vous sera pr\u00e9sent\u00e9 les bienfaits de l'ost\u00e9pathie chez Le nourrisson et le b\u00e9b\u00e9. Fanny Caron est dipl\u00f4m\u00e9e en ost\u00e9opathie p\u00e9diatrique.\",\"breadcrumb\":{\"@id\":\"https:\\\/\\\/www.fannycaron-osteo.fr\\\/index.php\\\/pourquoi-consulter\\\/le-nourrisson\\\/#breadcrumb\"},\"inLanguage\":\"fr-FR\",\"potentialAction\":[{\"@type\":\"ReadAction\",\"target\":[\"https:\\\/\\\/www.fannycaron-osteo.fr\\\/index.php\\\/pourquoi-consulter\\\/le-nourrisson\\\/\"]}]},{\"@type\":\"ImageObject\",\"inLanguage\":\"fr-FR\",\"@id\":\"https:\\\/\\\/www.fannycaron-osteo.fr\\\/index.php\\\/pourquoi-consulter\\\/le-nourrisson\\\/#primaryimage\",\"url\":\"http:\\\/\\\/www.fannycaron-osteo.fr\\\/wp-content\\\/uploads\\\/2020\\\/03\\\/bebe2.jpg\",\"contentUrl\":\"http:\\\/\\\/www.fannycaron-osteo.fr\\\/wp-content\\\/uploads\\\/2020\\\/03\\\/bebe2.jpg\"},{\"@type\":\"BreadcrumbList\",\"@id\":\"https:\\\/\\\/www.fannycaron-osteo.fr\\\/index.php\\\/pourquoi-consulter\\\/le-nourrisson\\\/#breadcrumb\",\"itemListElement\":[{\"@type\":\"ListItem\",\"position\":1,\"name\":\"Accueil\",\"item\":\"https:\\\/\\\/www.fannycaron-osteo.fr\\\/\"},{\"@type\":\"ListItem\",\"position\":2,\"name\":\"Pourquoi Consulter ?\",\"item\":\"https:\\\/\\\/www.fannycaron-osteo.fr\\\/index.php\\\/pourquoi-consulter\\\/\"},{\"@type\":\"ListItem\",\"position\":3,\"name\":\"Le nourrisson\"}]},{\"@type\":\"WebSite\",\"@id\":\"https:\\\/\\\/www.fannycaron-osteo.fr\\\/#website\",\"url\":\"https:\\\/\\\/www.fannycaron-osteo.fr\\\/\",\"name\":\"Fanny Caron | Ost\u00e9opathe D.O. Dunkerque\",\"description\":\"\",\"publisher\":{\"@id\":\"https:\\\/\\\/www.fannycaron-osteo.fr\\\/#organization\"},\"potentialAction\":[{\"@type\":\"SearchAction\",\"target\":{\"@type\":\"EntryPoint\",\"urlTemplate\":\"https:\\\/\\\/www.fannycaron-osteo.fr\\\/?s={search_term_string}\"},\"query-input\":{\"@type\":\"PropertyValueSpecification\",\"valueRequired\":true,\"valueName\":\"search_term_string\"}}],\"inLanguage\":\"fr-FR\"},{\"@type\":\"Organization\",\"@id\":\"https:\\\/\\\/www.fannycaron-osteo.fr\\\/#organization\",\"name\":\"Fanny Caron | Ost\u00e9opathe D.O. Dunkerque\",\"url\":\"https:\\\/\\\/www.fannycaron-osteo.fr\\\/\",\"logo\":{\"@type\":\"ImageObject\",\"inLanguage\":\"fr-FR\",\"@id\":\"https:\\\/\\\/www.fannycaron-osteo.fr\\\/#\\\/schema\\\/logo\\\/image\\\/\",\"url\":\"https:\\\/\\\/i0.wp.com\\\/www.fannycaron-osteo.fr\\\/wp-content\\\/uploads\\\/2020\\\/03\\\/bandeau-2-2.png?fit=1000%2C168&ssl=1\",\"contentUrl\":\"https:\\\/\\\/i0.wp.com\\\/www.fannycaron-osteo.fr\\\/wp-content\\\/uploads\\\/2020\\\/03\\\/bandeau-2-2.png?fit=1000%2C168&ssl=1\",\"width\":1000,\"height\":168,\"caption\":\"Fanny Caron | Ost\u00e9opathe D.O. Dunkerque\"},\"image\":{\"@id\":\"https:\\\/\\\/www.fannycaron-osteo.fr\\\/#\\\/schema\\\/logo\\\/image\\\/\"},\"sameAs\":[\"https:\\\/\\\/www.facebook.com\\\/Fanny-Caron-Ost\u00e9opathe-Dunkerque-101578284813703\",\"https:\\\/\\\/g.page\\\/Fanny_Caron-Osteopathe_Dunkerque?gm\"]}]}<\/script>\n<!-- \/ Yoast SEO plugin. -->","yoast_head_json":{"title":"Le nourrisson : Fanny Caron | Ost\u00e9opathe D.O. Dunkerque","description":"Sur cette page, il vous sera pr\u00e9sent\u00e9 les bienfaits de l'ost\u00e9pathie chez Le nourrisson et le b\u00e9b\u00e9. Fanny Caron est dipl\u00f4m\u00e9e en ost\u00e9opathie p\u00e9diatrique.","robots":{"index":"index","follow":"follow","max-snippet":"max-snippet:-1","max-image-preview":"max-image-preview:large","max-video-preview":"max-video-preview:-1"},"canonical":"https:\/\/www.fannycaron-osteo.fr\/index.php\/pourquoi-consulter\/le-nourrisson\/","og_locale":"fr_FR","og_type":"article","og_title":"Le nourrisson : Fanny Caron | Ost\u00e9opathe D.O. Dunkerque","og_description":"Sur cette page, il vous sera pr\u00e9sent\u00e9 les bienfaits de l'ost\u00e9pathie chez Le nourrisson et le b\u00e9b\u00e9. Fanny Caron est dipl\u00f4m\u00e9e en ost\u00e9opathie p\u00e9diatrique.","og_url":"https:\/\/www.fannycaron-osteo.fr\/index.php\/pourquoi-consulter\/le-nourrisson\/","og_site_name":"Fanny Caron | Ost\u00e9opathe D.O. Dunkerque","article_publisher":"https:\/\/www.facebook.com\/Fanny-Caron-Ost%c3%a9opathe-Dunkerque-101578284813703","article_modified_time":"2020-03-31T17:14:34+00:00","og_image":[{"url":"http:\/\/www.fannycaron-osteo.fr\/wp-content\/uploads\/2020\/03\/bebe2.jpg","type":"","width":"","height":""}],"twitter_card":"summary_large_image","twitter_misc":{"Dur\u00e9e de lecture estim\u00e9e":"1 minute"},"schema":{"@context":"https:\/\/schema.org","@graph":[{"@type":"WebPage","@id":"https:\/\/www.fannycaron-osteo.fr\/index.php\/pourquoi-consulter\/le-nourrisson\/","url":"https:\/\/www.fannycaron-osteo.fr\/index.php\/pourquoi-consulter\/le-nourrisson\/","name":"Le nourrisson : Fanny Caron | Ost\u00e9opathe D.O. Dunkerque","isPartOf":{"@id":"https:\/\/www.fannycaron-osteo.fr\/#website"},"primaryImageOfPage":{"@id":"https:\/\/www.fannycaron-osteo.fr\/index.php\/pourquoi-consulter\/le-nourrisson\/#primaryimage"},"image":{"@id":"https:\/\/www.fannycaron-osteo.fr\/index.php\/pourquoi-consulter\/le-nourrisson\/#primaryimage"},"thumbnailUrl":"http:\/\/www.fannycaron-osteo.fr\/wp-content\/uploads\/2020\/03\/bebe2.jpg","datePublished":"2020-03-30T23:19:16+00:00","dateModified":"2020-03-31T17:14:34+00:00","description":"Sur cette page, il vous sera pr\u00e9sent\u00e9 les bienfaits de l'ost\u00e9pathie chez Le nourrisson et le b\u00e9b\u00e9. Fanny Caron est dipl\u00f4m\u00e9e en ost\u00e9opathie p\u00e9diatrique.","breadcrumb":{"@id":"https:\/\/www.fannycaron-osteo.fr\/index.php\/pourquoi-consulter\/le-nourrisson\/#breadcrumb"},"inLanguage":"fr-FR","potentialAction":[{"@type":"ReadAction","target":["https:\/\/www.fannycaron-osteo.fr\/index.php\/pourquoi-consulter\/le-nourrisson\/"]}]},{"@type":"ImageObject","inLanguage":"fr-FR","@id":"https:\/\/www.fannycaron-osteo.fr\/index.php\/pourquoi-consulter\/le-nourrisson\/#primaryimage","url":"http:\/\/www.fannycaron-osteo.fr\/wp-content\/uploads\/2020\/03\/bebe2.jpg","contentUrl":"http:\/\/www.fannycaron-osteo.fr\/wp-content\/uploads\/2020\/03\/bebe2.jpg"},{"@type":"BreadcrumbList","@id":"https:\/\/www.fannycaron-osteo.fr\/index.php\/pourquoi-consulter\/le-nourrisson\/#breadcrumb","itemListElement":[{"@type":"ListItem","position":1,"name":"Accueil","item":"https:\/\/www.fannycaron-osteo.fr\/"},{"@type":"ListItem","position":2,"name":"Pourquoi Consulter ?","item":"https:\/\/www.fannycaron-osteo.fr\/index.php\/pourquoi-consulter\/"},{"@type":"ListItem","position":3,"name":"Le nourrisson"}]},{"@type":"WebSite","@id":"https:\/\/www.fannycaron-osteo.fr\/#website","url":"https:\/\/www.fannycaron-osteo.fr\/","name":"Fanny Caron | Ost\u00e9opathe D.O. Dunkerque","description":"","publisher":{"@id":"https:\/\/www.fannycaron-osteo.fr\/#organization"},"potentialAction":[{"@type":"SearchAction","target":{"@type":"EntryPoint","urlTemplate":"https:\/\/www.fannycaron-osteo.fr\/?s={search_term_string}"},"query-input":{"@type":"PropertyValueSpecification","valueRequired":true,"valueName":"search_term_string"}}],"inLanguage":"fr-FR"},{"@type":"Organization","@id":"https:\/\/www.fannycaron-osteo.fr\/#organization","name":"Fanny Caron | Ost\u00e9opathe D.O. Dunkerque","url":"https:\/\/www.fannycaron-osteo.fr\/","logo":{"@type":"ImageObject","inLanguage":"fr-FR","@id":"https:\/\/www.fannycaron-osteo.fr\/#\/schema\/logo\/image\/","url":"https:\/\/i0.wp.com\/www.fannycaron-osteo.fr\/wp-content\/uploads\/2020\/03\/bandeau-2-2.png?fit=1000%2C168&ssl=1","contentUrl":"https:\/\/i0.wp.com\/www.fannycaron-osteo.fr\/wp-content\/uploads\/2020\/03\/bandeau-2-2.png?fit=1000%2C168&ssl=1","width":1000,"height":168,"caption":"Fanny Caron | Ost\u00e9opathe D.O. Dunkerque"},"image":{"@id":"https:\/\/www.fannycaron-osteo.fr\/#\/schema\/logo\/image\/"},"sameAs":["https:\/\/www.facebook.com\/Fanny-Caron-Ost\u00e9opathe-Dunkerque-101578284813703","https:\/\/g.page\/Fanny_Caron-Osteopathe_Dunkerque?gm"]}]}},"jetpack_sharing_enabled":true,"_links":{"self":[{"href":"https:\/\/www.fannycaron-osteo.fr\/index.php\/wp-json\/wp\/v2\/pages\/114","targetHints":{"allow":["GET"]}}],"collection":[{"href":"https:\/\/www.fannycaron-osteo.fr\/index.php\/wp-json\/wp\/v2\/pages"}],"about":[{"href":"https:\/\/www.fannycaron-osteo.fr\/index.php\/wp-json\/wp\/v2\/types\/page"}],"author":[{"embeddable":true,"href":"https:\/\/www.fannycaron-osteo.fr\/index.php\/wp-json\/wp\/v2\/users\/1"}],"replies":[{"embeddable":true,"href":"https:\/\/www.fannycaron-osteo.fr\/index.php\/wp-json\/wp\/v2\/comments?post=114"}],"version-history":[{"count":4,"href":"https:\/\/www.fannycaron-osteo.fr\/index.php\/wp-json\/wp\/v2\/pages\/114\/revisions"}],"predecessor-version":[{"id":218,"href":"https:\/\/www.fannycaron-osteo.fr\/index.php\/wp-json\/wp\/v2\/pages\/114\/revisions\/218"}],"up":[{"embeddable":true,"href":"https:\/\/www.fannycaron-osteo.fr\/index.php\/wp-json\/wp\/v2\/pages\/107"}],"wp:attachment":[{"href":"https:\/\/www.fannycaron-osteo.fr\/index.php\/wp-json\/wp\/v2\/media?parent=114"}],"curies":[{"name":"wp","href":"https:\/\/api.w.org\/{rel}","templated":true}]}}