{"id":107,"date":"2020-03-31T01:09:41","date_gmt":"2020-03-30T23:09:41","guid":{"rendered":"http:\/\/www.fannycaron-osteo.fr\/?page_id=107"},"modified":"2020-04-03T22:33:06","modified_gmt":"2020-04-03T20:33:06","slug":"pourquoi-consulter","status":"publish","type":"page","link":"https:\/\/www.fannycaron-osteo.fr\/index.php\/pourquoi-consulter\/","title":{"rendered":"Pourquoi Consulter ?"},"content":{"rendered":"\n<figure class=\"wp-block-gallery columns-3 is-cropped wp-block-gallery-1 is-layout-flex wp-block-gallery-is-layout-flex\"><ul class=\"blocks-gallery-grid\"><li class=\"blocks-gallery-item\"><figure><img data-recalc-dims=\"1\" decoding=\"async\" width=\"250\" height=\"182\" src=\"https:\/\/i0.wp.com\/www.fannycaron-osteo.fr\/wp-content\/uploads\/2020\/04\/bebe1.jpg?resize=250%2C182&#038;ssl=1\" alt=\"\" data-id=\"224\" class=\"wp-image-224\" srcset=\"https:\/\/i0.wp.com\/www.fannycaron-osteo.fr\/wp-content\/uploads\/2020\/04\/bebe1.jpg?w=250&amp;ssl=1 250w, https:\/\/i0.wp.com\/www.fannycaron-osteo.fr\/wp-content\/uploads\/2020\/04\/bebe1.jpg?resize=82%2C60&amp;ssl=1 82w\" sizes=\"(max-width: 250px) 100vw, 250px\" \/><figcaption class=\"blocks-gallery-item__caption\"><a href=\"https:\/\/www.fannycaron-osteo.fr\/index.php\/pourquoi-consulter\/le-nourrisson\/\">Le nourrisson<\/a><\/figcaption><\/figure><\/li><li class=\"blocks-gallery-item\"><figure><img data-recalc-dims=\"1\" decoding=\"async\" width=\"250\" height=\"182\" src=\"https:\/\/i0.wp.com\/www.fannycaron-osteo.fr\/wp-content\/uploads\/2020\/04\/femmeenceinte1.jpg?resize=250%2C182&#038;ssl=1\" alt=\"\" data-id=\"225\" data-link=\"https:\/\/www.fannycaron-osteo.fr\/?attachment_id=225\" class=\"wp-image-225\" srcset=\"https:\/\/i0.wp.com\/www.fannycaron-osteo.fr\/wp-content\/uploads\/2020\/04\/femmeenceinte1.jpg?w=250&amp;ssl=1 250w, https:\/\/i0.wp.com\/www.fannycaron-osteo.fr\/wp-content\/uploads\/2020\/04\/femmeenceinte1.jpg?resize=82%2C60&amp;ssl=1 82w\" sizes=\"(max-width: 250px) 100vw, 250px\" \/><figcaption class=\"blocks-gallery-item__caption\"><a href=\"https:\/\/www.fannycaron-osteo.fr\/index.php\/pourquoi-consulter\/la-femme-enceinte\/\">La femme enceinte<\/a><\/figcaption><\/figure><\/li><li class=\"blocks-gallery-item\"><figure><img data-recalc-dims=\"1\" decoding=\"async\" width=\"250\" height=\"182\" src=\"https:\/\/i0.wp.com\/www.fannycaron-osteo.fr\/wp-content\/uploads\/2020\/04\/sportif1.jpg?resize=250%2C182&#038;ssl=1\" alt=\"\" data-id=\"226\" data-full-url=\"https:\/\/www.fannycaron-osteo.fr\/wp-content\/uploads\/2020\/04\/sportif1.jpg\" data-link=\"https:\/\/www.fannycaron-osteo.fr\/?attachment_id=226\" class=\"wp-image-226\" srcset=\"https:\/\/i0.wp.com\/www.fannycaron-osteo.fr\/wp-content\/uploads\/2020\/04\/sportif1.jpg?w=250&amp;ssl=1 250w, https:\/\/i0.wp.com\/www.fannycaron-osteo.fr\/wp-content\/uploads\/2020\/04\/sportif1.jpg?resize=82%2C60&amp;ssl=1 82w\" sizes=\"(max-width: 250px) 100vw, 250px\" \/><figcaption class=\"blocks-gallery-item__caption\"><a href=\"https:\/\/www.fannycaron-osteo.fr\/index.php\/pourquoi-consulter\/le-sportif\/\">Le sportif<\/a><\/figcaption><\/figure><\/li><\/ul><\/figure>\n\n\n\n<p>L\u2019ost\u00e9opathie s\u2019adresse aux nourrissons, aux enfants, aux adultes, aux femmes enceintes, aux sportifs et aux personnes \u00e2g\u00e9es.<br>Elle s\u2019adapte \u00e0 chaque situation et \u00e0 chaque qualit\u00e9 tissulaire qu\u2019il trouvera sous ses mains.<\/p>\n\n\n\n<p>Cette pratique est d\u2019autant plus indiqu\u00e9e pour les personnes agress\u00e9es par des conditions de travail difficiles (mouvements r\u00e9p\u00e9titifs, charges lourdes \u00e0 porter, travail sur \u00e9cran,&nbsp; postes de travail mal adapt\u00e9s) ou soumises \u00e0 un stress chronique. <\/p>\n","protected":false},"excerpt":{"rendered":"<p>L\u2019ost\u00e9opathie s\u2019adresse aux nourrissons, aux enfants, aux adultes, aux femmes enceintes, aux sportifs et aux personnes \u00e2g\u00e9es.Elle s\u2019adapte \u00e0 chaque situation et \u00e0 chaque qualit\u00e9 tissulaire qu\u2019il trouvera sous ses &hellip; <\/p>\n","protected":false},"author":1,"featured_media":0,"parent":0,"menu_order":1,"comment_status":"closed","ping_status":"closed","template":"","meta":{"footnotes":""},"class_list":["post-107","page","type-page","status-publish","hentry"],"yoast_head":"<!-- This site is optimized with the Yoast SEO plugin v27.5 - https:\/\/yoast.com\/product\/yoast-seo-wordpress\/ -->\n<title>Pourquoi Consulter ? : Fanny Caron | Ost\u00e9opathe D.O. Dunkerque<\/title>\n<meta name=\"description\" content=\"Pourquoi consulter ? L&#039;ost\u00e9opathie s&#039;adresse \u00e0 tout le monde, du nourrisson, en passant par la femme enceinte et le sportif jusqu&#039;au s\u00e9nior.\" \/>\n<meta name=\"robots\" content=\"index, follow, max-snippet:-1, max-image-preview:large, max-video-preview:-1\" \/>\n<link rel=\"canonical\" href=\"https:\/\/www.fannycaron-osteo.fr\/index.php\/pourquoi-consulter\/\" \/>\n<meta property=\"og:locale\" content=\"fr_FR\" \/>\n<meta property=\"og:type\" content=\"article\" \/>\n<meta property=\"og:title\" content=\"Pourquoi Consulter ? : Fanny Caron | Ost\u00e9opathe D.O. Dunkerque\" \/>\n<meta property=\"og:description\" content=\"Pourquoi consulter ? L&#039;ost\u00e9opathie s&#039;adresse \u00e0 tout le monde, du nourrisson, en passant par la femme enceinte et le sportif jusqu&#039;au s\u00e9nior.\" \/>\n<meta property=\"og:url\" content=\"https:\/\/www.fannycaron-osteo.fr\/index.php\/pourquoi-consulter\/\" \/>\n<meta property=\"og:site_name\" content=\"Fanny Caron | Ost\u00e9opathe D.O. Dunkerque\" \/>\n<meta property=\"article:publisher\" content=\"https:\/\/www.facebook.com\/Fanny-Caron-Ost%c3%a9opathe-Dunkerque-101578284813703\" \/>\n<meta property=\"article:modified_time\" content=\"2020-04-03T20:33:06+00:00\" \/>\n<meta property=\"og:image\" content=\"https:\/\/www.fannycaron-osteo.fr\/wp-content\/uploads\/2020\/04\/bebe1.jpg\" \/>\n<meta name=\"twitter:card\" content=\"summary_large_image\" \/>\n<script type=\"application\/ld+json\" class=\"yoast-schema-graph\">{\"@context\":\"https:\\\/\\\/schema.org\",\"@graph\":[{\"@type\":\"WebPage\",\"@id\":\"https:\\\/\\\/www.fannycaron-osteo.fr\\\/index.php\\\/pourquoi-consulter\\\/\",\"url\":\"https:\\\/\\\/www.fannycaron-osteo.fr\\\/index.php\\\/pourquoi-consulter\\\/\",\"name\":\"Pourquoi Consulter ? : Fanny Caron | Ost\u00e9opathe D.O. Dunkerque\",\"isPartOf\":{\"@id\":\"https:\\\/\\\/www.fannycaron-osteo.fr\\\/#website\"},\"primaryImageOfPage\":{\"@id\":\"https:\\\/\\\/www.fannycaron-osteo.fr\\\/index.php\\\/pourquoi-consulter\\\/#primaryimage\"},\"image\":{\"@id\":\"https:\\\/\\\/www.fannycaron-osteo.fr\\\/index.php\\\/pourquoi-consulter\\\/#primaryimage\"},\"thumbnailUrl\":\"https:\\\/\\\/www.fannycaron-osteo.fr\\\/wp-content\\\/uploads\\\/2020\\\/04\\\/bebe1.jpg\",\"datePublished\":\"2020-03-30T23:09:41+00:00\",\"dateModified\":\"2020-04-03T20:33:06+00:00\",\"description\":\"Pourquoi consulter ? L'ost\u00e9opathie s'adresse \u00e0 tout le monde, du nourrisson, en passant par la femme enceinte et le sportif jusqu'au s\u00e9nior.\",\"breadcrumb\":{\"@id\":\"https:\\\/\\\/www.fannycaron-osteo.fr\\\/index.php\\\/pourquoi-consulter\\\/#breadcrumb\"},\"inLanguage\":\"fr-FR\",\"potentialAction\":[{\"@type\":\"ReadAction\",\"target\":[\"https:\\\/\\\/www.fannycaron-osteo.fr\\\/index.php\\\/pourquoi-consulter\\\/\"]}]},{\"@type\":\"ImageObject\",\"inLanguage\":\"fr-FR\",\"@id\":\"https:\\\/\\\/www.fannycaron-osteo.fr\\\/index.php\\\/pourquoi-consulter\\\/#primaryimage\",\"url\":\"https:\\\/\\\/i0.wp.com\\\/www.fannycaron-osteo.fr\\\/wp-content\\\/uploads\\\/2020\\\/04\\\/bebe1.jpg?fit=250%2C182&ssl=1\",\"contentUrl\":\"https:\\\/\\\/i0.wp.com\\\/www.fannycaron-osteo.fr\\\/wp-content\\\/uploads\\\/2020\\\/04\\\/bebe1.jpg?fit=250%2C182&ssl=1\",\"width\":250,\"height\":182},{\"@type\":\"BreadcrumbList\",\"@id\":\"https:\\\/\\\/www.fannycaron-osteo.fr\\\/index.php\\\/pourquoi-consulter\\\/#breadcrumb\",\"itemListElement\":[{\"@type\":\"ListItem\",\"position\":1,\"name\":\"Accueil\",\"item\":\"https:\\\/\\\/www.fannycaron-osteo.fr\\\/\"},{\"@type\":\"ListItem\",\"position\":2,\"name\":\"Pourquoi Consulter ?\"}]},{\"@type\":\"WebSite\",\"@id\":\"https:\\\/\\\/www.fannycaron-osteo.fr\\\/#website\",\"url\":\"https:\\\/\\\/www.fannycaron-osteo.fr\\\/\",\"name\":\"Fanny Caron | Ost\u00e9opathe D.O. Dunkerque\",\"description\":\"\",\"publisher\":{\"@id\":\"https:\\\/\\\/www.fannycaron-osteo.fr\\\/#organization\"},\"potentialAction\":[{\"@type\":\"SearchAction\",\"target\":{\"@type\":\"EntryPoint\",\"urlTemplate\":\"https:\\\/\\\/www.fannycaron-osteo.fr\\\/?s={search_term_string}\"},\"query-input\":{\"@type\":\"PropertyValueSpecification\",\"valueRequired\":true,\"valueName\":\"search_term_string\"}}],\"inLanguage\":\"fr-FR\"},{\"@type\":\"Organization\",\"@id\":\"https:\\\/\\\/www.fannycaron-osteo.fr\\\/#organization\",\"name\":\"Fanny Caron | Ost\u00e9opathe D.O. Dunkerque\",\"url\":\"https:\\\/\\\/www.fannycaron-osteo.fr\\\/\",\"logo\":{\"@type\":\"ImageObject\",\"inLanguage\":\"fr-FR\",\"@id\":\"https:\\\/\\\/www.fannycaron-osteo.fr\\\/#\\\/schema\\\/logo\\\/image\\\/\",\"url\":\"https:\\\/\\\/i0.wp.com\\\/www.fannycaron-osteo.fr\\\/wp-content\\\/uploads\\\/2020\\\/03\\\/bandeau-2-2.png?fit=1000%2C168&ssl=1\",\"contentUrl\":\"https:\\\/\\\/i0.wp.com\\\/www.fannycaron-osteo.fr\\\/wp-content\\\/uploads\\\/2020\\\/03\\\/bandeau-2-2.png?fit=1000%2C168&ssl=1\",\"width\":1000,\"height\":168,\"caption\":\"Fanny Caron | Ost\u00e9opathe D.O. Dunkerque\"},\"image\":{\"@id\":\"https:\\\/\\\/www.fannycaron-osteo.fr\\\/#\\\/schema\\\/logo\\\/image\\\/\"},\"sameAs\":[\"https:\\\/\\\/www.facebook.com\\\/Fanny-Caron-Ost\u00e9opathe-Dunkerque-101578284813703\",\"https:\\\/\\\/g.page\\\/Fanny_Caron-Osteopathe_Dunkerque?gm\"]}]}<\/script>\n<!-- \/ Yoast SEO plugin. -->","yoast_head_json":{"title":"Pourquoi Consulter ? : Fanny Caron | Ost\u00e9opathe D.O. Dunkerque","description":"Pourquoi consulter ? L'ost\u00e9opathie s'adresse \u00e0 tout le monde, du nourrisson, en passant par la femme enceinte et le sportif jusqu'au s\u00e9nior.","robots":{"index":"index","follow":"follow","max-snippet":"max-snippet:-1","max-image-preview":"max-image-preview:large","max-video-preview":"max-video-preview:-1"},"canonical":"https:\/\/www.fannycaron-osteo.fr\/index.php\/pourquoi-consulter\/","og_locale":"fr_FR","og_type":"article","og_title":"Pourquoi Consulter ? : Fanny Caron | Ost\u00e9opathe D.O. Dunkerque","og_description":"Pourquoi consulter ? L'ost\u00e9opathie s'adresse \u00e0 tout le monde, du nourrisson, en passant par la femme enceinte et le sportif jusqu'au s\u00e9nior.","og_url":"https:\/\/www.fannycaron-osteo.fr\/index.php\/pourquoi-consulter\/","og_site_name":"Fanny Caron | Ost\u00e9opathe D.O. Dunkerque","article_publisher":"https:\/\/www.facebook.com\/Fanny-Caron-Ost%c3%a9opathe-Dunkerque-101578284813703","article_modified_time":"2020-04-03T20:33:06+00:00","og_image":[{"url":"https:\/\/www.fannycaron-osteo.fr\/wp-content\/uploads\/2020\/04\/bebe1.jpg","type":"","width":"","height":""}],"twitter_card":"summary_large_image","schema":{"@context":"https:\/\/schema.org","@graph":[{"@type":"WebPage","@id":"https:\/\/www.fannycaron-osteo.fr\/index.php\/pourquoi-consulter\/","url":"https:\/\/www.fannycaron-osteo.fr\/index.php\/pourquoi-consulter\/","name":"Pourquoi Consulter ? : Fanny Caron | Ost\u00e9opathe D.O. Dunkerque","isPartOf":{"@id":"https:\/\/www.fannycaron-osteo.fr\/#website"},"primaryImageOfPage":{"@id":"https:\/\/www.fannycaron-osteo.fr\/index.php\/pourquoi-consulter\/#primaryimage"},"image":{"@id":"https:\/\/www.fannycaron-osteo.fr\/index.php\/pourquoi-consulter\/#primaryimage"},"thumbnailUrl":"https:\/\/www.fannycaron-osteo.fr\/wp-content\/uploads\/2020\/04\/bebe1.jpg","datePublished":"2020-03-30T23:09:41+00:00","dateModified":"2020-04-03T20:33:06+00:00","description":"Pourquoi consulter ? L'ost\u00e9opathie s'adresse \u00e0 tout le monde, du nourrisson, en passant par la femme enceinte et le sportif jusqu'au s\u00e9nior.","breadcrumb":{"@id":"https:\/\/www.fannycaron-osteo.fr\/index.php\/pourquoi-consulter\/#breadcrumb"},"inLanguage":"fr-FR","potentialAction":[{"@type":"ReadAction","target":["https:\/\/www.fannycaron-osteo.fr\/index.php\/pourquoi-consulter\/"]}]},{"@type":"ImageObject","inLanguage":"fr-FR","@id":"https:\/\/www.fannycaron-osteo.fr\/index.php\/pourquoi-consulter\/#primaryimage","url":"https:\/\/i0.wp.com\/www.fannycaron-osteo.fr\/wp-content\/uploads\/2020\/04\/bebe1.jpg?fit=250%2C182&ssl=1","contentUrl":"https:\/\/i0.wp.com\/www.fannycaron-osteo.fr\/wp-content\/uploads\/2020\/04\/bebe1.jpg?fit=250%2C182&ssl=1","width":250,"height":182},{"@type":"BreadcrumbList","@id":"https:\/\/www.fannycaron-osteo.fr\/index.php\/pourquoi-consulter\/#breadcrumb","itemListElement":[{"@type":"ListItem","position":1,"name":"Accueil","item":"https:\/\/www.fannycaron-osteo.fr\/"},{"@type":"ListItem","position":2,"name":"Pourquoi Consulter ?"}]},{"@type":"WebSite","@id":"https:\/\/www.fannycaron-osteo.fr\/#website","url":"https:\/\/www.fannycaron-osteo.fr\/","name":"Fanny Caron | Ost\u00e9opathe D.O. Dunkerque","description":"","publisher":{"@id":"https:\/\/www.fannycaron-osteo.fr\/#organization"},"potentialAction":[{"@type":"SearchAction","target":{"@type":"EntryPoint","urlTemplate":"https:\/\/www.fannycaron-osteo.fr\/?s={search_term_string}"},"query-input":{"@type":"PropertyValueSpecification","valueRequired":true,"valueName":"search_term_string"}}],"inLanguage":"fr-FR"},{"@type":"Organization","@id":"https:\/\/www.fannycaron-osteo.fr\/#organization","name":"Fanny Caron | Ost\u00e9opathe D.O. Dunkerque","url":"https:\/\/www.fannycaron-osteo.fr\/","logo":{"@type":"ImageObject","inLanguage":"fr-FR","@id":"https:\/\/www.fannycaron-osteo.fr\/#\/schema\/logo\/image\/","url":"https:\/\/i0.wp.com\/www.fannycaron-osteo.fr\/wp-content\/uploads\/2020\/03\/bandeau-2-2.png?fit=1000%2C168&ssl=1","contentUrl":"https:\/\/i0.wp.com\/www.fannycaron-osteo.fr\/wp-content\/uploads\/2020\/03\/bandeau-2-2.png?fit=1000%2C168&ssl=1","width":1000,"height":168,"caption":"Fanny Caron | Ost\u00e9opathe D.O. Dunkerque"},"image":{"@id":"https:\/\/www.fannycaron-osteo.fr\/#\/schema\/logo\/image\/"},"sameAs":["https:\/\/www.facebook.com\/Fanny-Caron-Ost\u00e9opathe-Dunkerque-101578284813703","https:\/\/g.page\/Fanny_Caron-Osteopathe_Dunkerque?gm"]}]}},"jetpack_sharing_enabled":true,"_links":{"self":[{"href":"https:\/\/www.fannycaron-osteo.fr\/index.php\/wp-json\/wp\/v2\/pages\/107","targetHints":{"allow":["GET"]}}],"collection":[{"href":"https:\/\/www.fannycaron-osteo.fr\/index.php\/wp-json\/wp\/v2\/pages"}],"about":[{"href":"https:\/\/www.fannycaron-osteo.fr\/index.php\/wp-json\/wp\/v2\/types\/page"}],"author":[{"embeddable":true,"href":"https:\/\/www.fannycaron-osteo.fr\/index.php\/wp-json\/wp\/v2\/users\/1"}],"replies":[{"embeddable":true,"href":"https:\/\/www.fannycaron-osteo.fr\/index.php\/wp-json\/wp\/v2\/comments?post=107"}],"version-history":[{"count":4,"href":"https:\/\/www.fannycaron-osteo.fr\/index.php\/wp-json\/wp\/v2\/pages\/107\/revisions"}],"predecessor-version":[{"id":227,"href":"https:\/\/www.fannycaron-osteo.fr\/index.php\/wp-json\/wp\/v2\/pages\/107\/revisions\/227"}],"wp:attachment":[{"href":"https:\/\/www.fannycaron-osteo.fr\/index.php\/wp-json\/wp\/v2\/media?parent=107"}],"curies":[{"name":"wp","href":"https:\/\/api.w.org\/{rel}","templated":true}]}}